{"id":20007,"date":"2025-04-03T18:52:55","date_gmt":"2025-04-03T18:52:55","guid":{"rendered":"https:\/\/myfitmenu.es\/sin%20categor\u00eda\/glutathione-60-caps-pharma-natural-ostrovit\/"},"modified":"2026-01-17T11:09:43","modified_gmt":"2026-01-17T11:09:43","slug":"glutathione-60-caps-pharma-natural-ostrovit","status":"publish","type":"product","link":"http:\/\/myfitmenu.es\/en\/suplementacion-online\/glutathione-60-caps-pharma-natural-ostrovit\/","title":{"rendered":"Glutathione 60 caps Pharma Natural Ostrovit"},"content":{"rendered":"<p>Source of natural glutathione: One serving of the dietary supplement provides the body with 150 mg of glutathione from yeast.<\/p>\n<p>1 serving = 2 capsules.<\/p>\n<p>Efficacy: One container of the product contains 30 servings, enough for one month of regular supplementation.<br \/>Practical presentation: The product, available in easy-to-swallow capsules, ensures hassle-free delivery of the dietary supplement.<\/p>\n<p>OstroVit Pharma Natural Glutathione: a valuable source of a valuable ingredient.<\/p>\n<p>L-glutathione: an organic chemical compound that occurs naturally in the cells of the human body and is synthesised mainly in the liver. It is a tripeptide composed of three protein amino acids: L-glutamic acid, L-cysteine and L-glycine. The level of glutathione in the human body decreases with age, as well as under the influence of factors such as stress, pollution or infections, so the use of dietary supplements containing a valuable compound can be a good solution.<\/p>","protected":false},"excerpt":{"rendered":"<p>OstroVit Pharma Natural Glutathione 60 capsules<\/p>\n<p>OstroVit Pharma Natural Glutathione is a high quality dietary supplement, a source of natural glutathione derived from yeast. It is a preparation from the elite OstroVit Pharma range, available in easy-to-swallow capsules. It is a product created for conscious consumers who wish to supplement their daily diet with a valuable compound.<\/p>","protected":false},"featured_media":20008,"comment_status":"open","ping_status":"closed","template":"","meta":{"inline_featured_image":false},"product_brand":[],"product_cat":[206,98],"product_tag":[],"class_list":{"0":"post-20007","1":"product","2":"type-product","3":"status-publish","4":"has-post-thumbnail","6":"product_cat-salud-2","7":"product_cat-suplementacion-online","8":"pa_sa_color_unico-color-unico","9":"pa_sa_talla_unica-talla-unica","11":"first","12":"outofstock","13":"purchasable","14":"product-type-simple"},"acf":[],"yoast_head":"<!-- This site is optimized with the Yoast SEO plugin v27.1.1 - https:\/\/yoast.com\/product\/yoast-seo-wordpress\/ -->\n<title>Glutathione 60 caps Pharma Natural Ostrovit - My Fit Menu<\/title>\n<meta name=\"robots\" content=\"index, follow, max-snippet:-1, max-image-preview:large, max-video-preview:-1\" \/>\n<link rel=\"canonical\" href=\"https:\/\/myfitmenu.es\/en\/salud-2\/glutathione-60-caps-pharma-natural-ostrovit\/\" \/>\n<meta property=\"og:locale\" content=\"en_GB\" \/>\n<meta property=\"og:type\" content=\"article\" \/>\n<meta property=\"og:title\" content=\"Glutathione 60 caps Pharma Natural Ostrovit - My Fit Menu\" \/>\n<meta property=\"og:description\" content=\"OstroVit Pharma Glutati\u00f3n Natural 60 c\u00e1psulasOstroVit Pharma Glutati\u00f3n Natural es un suplemento diet\u00e9tico de alta calidad, fuente de glutati\u00f3n natural derivado de levadura. Se trata de un preparado de la l\u00ednea de \u00e9lite OstroVit Pharma, disponible en c\u00e1psulas f\u00e1ciles de tragar. Es un producto creado para consumidores conscientes que desean complementar su dieta diaria con un compuesto valioso.\" \/>\n<meta property=\"og:url\" content=\"https:\/\/myfitmenu.es\/en\/salud-2\/glutathione-60-caps-pharma-natural-ostrovit\/\" \/>\n<meta property=\"og:site_name\" content=\"My Fit Menu\" \/>\n<meta property=\"article:modified_time\" content=\"2026-01-17T11:09:43+00:00\" \/>\n<meta property=\"og:image\" content=\"https:\/\/myfitmenu.es\/wp-content\/uploads\/2025\/04\/pol_pl_OstroVit-Pharma-Naturalny-Glutation-60-kapsulek-26821_2-thumbnail-2000x2000-1.png\" \/>\n\t<meta property=\"og:image:width\" content=\"1000\" \/>\n\t<meta property=\"og:image:height\" content=\"1000\" \/>\n\t<meta property=\"og:image:type\" content=\"image\/png\" \/>\n<meta name=\"twitter:card\" content=\"summary_large_image\" \/>\n<meta name=\"twitter:label1\" content=\"Estimated reading time\" \/>\n\t<meta name=\"twitter:data1\" content=\"1 minute\" \/>\n<script type=\"application\/ld+json\" class=\"yoast-schema-graph\">{\"@context\":\"https:\/\/schema.org\",\"@graph\":[{\"@type\":\"WebPage\",\"@id\":\"https:\/\/myfitmenu.es\/salud-2\/glutathione-60-caps-pharma-natural-ostrovit\/\",\"url\":\"https:\/\/myfitmenu.es\/salud-2\/glutathione-60-caps-pharma-natural-ostrovit\/\",\"name\":\"Glutathione 60 caps Pharma Natural Ostrovit - My Fit Menu\",\"isPartOf\":{\"@id\":\"https:\/\/myfitmenu.es\/#website\"},\"primaryImageOfPage\":{\"@id\":\"https:\/\/myfitmenu.es\/salud-2\/glutathione-60-caps-pharma-natural-ostrovit\/#primaryimage\"},\"image\":{\"@id\":\"https:\/\/myfitmenu.es\/salud-2\/glutathione-60-caps-pharma-natural-ostrovit\/#primaryimage\"},\"thumbnailUrl\":\"https:\/\/myfitmenu.es\/wp-content\/uploads\/2025\/04\/pol_pl_OstroVit-Pharma-Naturalny-Glutation-60-kapsulek-26821_2-thumbnail-2000x2000-1.png\",\"datePublished\":\"2025-04-03T18:52:55+00:00\",\"dateModified\":\"2026-01-17T11:09:43+00:00\",\"breadcrumb\":{\"@id\":\"https:\/\/myfitmenu.es\/salud-2\/glutathione-60-caps-pharma-natural-ostrovit\/#breadcrumb\"},\"inLanguage\":\"en-GB\",\"potentialAction\":[{\"@type\":\"ReadAction\",\"target\":[\"https:\/\/myfitmenu.es\/salud-2\/glutathione-60-caps-pharma-natural-ostrovit\/\"]}]},{\"@type\":\"ImageObject\",\"inLanguage\":\"en-GB\",\"@id\":\"https:\/\/myfitmenu.es\/salud-2\/glutathione-60-caps-pharma-natural-ostrovit\/#primaryimage\",\"url\":\"https:\/\/myfitmenu.es\/wp-content\/uploads\/2025\/04\/pol_pl_OstroVit-Pharma-Naturalny-Glutation-60-kapsulek-26821_2-thumbnail-2000x2000-1.png\",\"contentUrl\":\"https:\/\/myfitmenu.es\/wp-content\/uploads\/2025\/04\/pol_pl_OstroVit-Pharma-Naturalny-Glutation-60-kapsulek-26821_2-thumbnail-2000x2000-1.png\",\"width\":1000,\"height\":1000},{\"@type\":\"BreadcrumbList\",\"@id\":\"https:\/\/myfitmenu.es\/salud-2\/glutathione-60-caps-pharma-natural-ostrovit\/#breadcrumb\",\"itemListElement\":[{\"@type\":\"ListItem\",\"position\":1,\"name\":\"Portada\",\"item\":\"https:\/\/myfitmenu.es\/\"},{\"@type\":\"ListItem\",\"position\":2,\"name\":\"Shop\",\"item\":\"http:\/\/myfitmenu.es\/en\/shop\/\"},{\"@type\":\"ListItem\",\"position\":3,\"name\":\"Glutathione 60 caps Pharma Natural Ostrovit\"}]},{\"@type\":\"WebSite\",\"@id\":\"https:\/\/myfitmenu.es\/#website\",\"url\":\"https:\/\/myfitmenu.es\/\",\"name\":\"My Fit Menu\",\"description\":\"\",\"potentialAction\":[{\"@type\":\"SearchAction\",\"target\":{\"@type\":\"EntryPoint\",\"urlTemplate\":\"https:\/\/myfitmenu.es\/?s={search_term_string}\"},\"query-input\":{\"@type\":\"PropertyValueSpecification\",\"valueRequired\":true,\"valueName\":\"search_term_string\"}}],\"inLanguage\":\"en-GB\"}]}<\/script>\n<!-- \/ Yoast SEO plugin. -->","yoast_head_json":{"title":"Glutathione 60 caps Pharma Natural Ostrovit - My Fit Menu","robots":{"index":"index","follow":"follow","max-snippet":"max-snippet:-1","max-image-preview":"max-image-preview:large","max-video-preview":"max-video-preview:-1"},"canonical":"https:\/\/myfitmenu.es\/en\/salud-2\/glutathione-60-caps-pharma-natural-ostrovit\/","og_locale":"en_GB","og_type":"article","og_title":"Glutathione 60 caps Pharma Natural Ostrovit - My Fit Menu","og_description":"OstroVit Pharma Glutati\u00f3n Natural 60 c\u00e1psulasOstroVit Pharma Glutati\u00f3n Natural es un suplemento diet\u00e9tico de alta calidad, fuente de glutati\u00f3n natural derivado de levadura. Se trata de un preparado de la l\u00ednea de \u00e9lite OstroVit Pharma, disponible en c\u00e1psulas f\u00e1ciles de tragar. Es un producto creado para consumidores conscientes que desean complementar su dieta diaria con un compuesto valioso.","og_url":"https:\/\/myfitmenu.es\/en\/salud-2\/glutathione-60-caps-pharma-natural-ostrovit\/","og_site_name":"My Fit Menu","article_modified_time":"2026-01-17T11:09:43+00:00","og_image":[{"width":1000,"height":1000,"url":"https:\/\/myfitmenu.es\/wp-content\/uploads\/2025\/04\/pol_pl_OstroVit-Pharma-Naturalny-Glutation-60-kapsulek-26821_2-thumbnail-2000x2000-1.png","type":"image\/png"}],"twitter_card":"summary_large_image","twitter_misc":{"Estimated reading time":"1 minute"},"schema":{"@context":"https:\/\/schema.org","@graph":[{"@type":"WebPage","@id":"https:\/\/myfitmenu.es\/salud-2\/glutathione-60-caps-pharma-natural-ostrovit\/","url":"https:\/\/myfitmenu.es\/salud-2\/glutathione-60-caps-pharma-natural-ostrovit\/","name":"Glutathione 60 caps Pharma Natural Ostrovit - My Fit Menu","isPartOf":{"@id":"https:\/\/myfitmenu.es\/#website"},"primaryImageOfPage":{"@id":"https:\/\/myfitmenu.es\/salud-2\/glutathione-60-caps-pharma-natural-ostrovit\/#primaryimage"},"image":{"@id":"https:\/\/myfitmenu.es\/salud-2\/glutathione-60-caps-pharma-natural-ostrovit\/#primaryimage"},"thumbnailUrl":"https:\/\/myfitmenu.es\/wp-content\/uploads\/2025\/04\/pol_pl_OstroVit-Pharma-Naturalny-Glutation-60-kapsulek-26821_2-thumbnail-2000x2000-1.png","datePublished":"2025-04-03T18:52:55+00:00","dateModified":"2026-01-17T11:09:43+00:00","breadcrumb":{"@id":"https:\/\/myfitmenu.es\/salud-2\/glutathione-60-caps-pharma-natural-ostrovit\/#breadcrumb"},"inLanguage":"en-GB","potentialAction":[{"@type":"ReadAction","target":["https:\/\/myfitmenu.es\/salud-2\/glutathione-60-caps-pharma-natural-ostrovit\/"]}]},{"@type":"ImageObject","inLanguage":"en-GB","@id":"https:\/\/myfitmenu.es\/salud-2\/glutathione-60-caps-pharma-natural-ostrovit\/#primaryimage","url":"https:\/\/myfitmenu.es\/wp-content\/uploads\/2025\/04\/pol_pl_OstroVit-Pharma-Naturalny-Glutation-60-kapsulek-26821_2-thumbnail-2000x2000-1.png","contentUrl":"https:\/\/myfitmenu.es\/wp-content\/uploads\/2025\/04\/pol_pl_OstroVit-Pharma-Naturalny-Glutation-60-kapsulek-26821_2-thumbnail-2000x2000-1.png","width":1000,"height":1000},{"@type":"BreadcrumbList","@id":"https:\/\/myfitmenu.es\/salud-2\/glutathione-60-caps-pharma-natural-ostrovit\/#breadcrumb","itemListElement":[{"@type":"ListItem","position":1,"name":"Portada","item":"https:\/\/myfitmenu.es\/"},{"@type":"ListItem","position":2,"name":"Shop","item":"http:\/\/myfitmenu.es\/en\/shop\/"},{"@type":"ListItem","position":3,"name":"Glutathione 60 caps Pharma Natural Ostrovit"}]},{"@type":"WebSite","@id":"https:\/\/myfitmenu.es\/#website","url":"https:\/\/myfitmenu.es\/","name":"My Fit Menu","description":"","potentialAction":[{"@type":"SearchAction","target":{"@type":"EntryPoint","urlTemplate":"https:\/\/myfitmenu.es\/?s={search_term_string}"},"query-input":{"@type":"PropertyValueSpecification","valueRequired":true,"valueName":"search_term_string"}}],"inLanguage":"en-GB"}]}},"_links":{"self":[{"href":"http:\/\/myfitmenu.es\/en\/wp-json\/wp\/v2\/product\/20007","targetHints":{"allow":["GET"]}}],"collection":[{"href":"http:\/\/myfitmenu.es\/en\/wp-json\/wp\/v2\/product"}],"about":[{"href":"http:\/\/myfitmenu.es\/en\/wp-json\/wp\/v2\/types\/product"}],"replies":[{"embeddable":true,"href":"http:\/\/myfitmenu.es\/en\/wp-json\/wp\/v2\/comments?post=20007"}],"version-history":[{"count":1,"href":"http:\/\/myfitmenu.es\/en\/wp-json\/wp\/v2\/product\/20007\/revisions"}],"predecessor-version":[{"id":20218,"href":"http:\/\/myfitmenu.es\/en\/wp-json\/wp\/v2\/product\/20007\/revisions\/20218"}],"wp:featuredmedia":[{"embeddable":true,"href":"http:\/\/myfitmenu.es\/en\/wp-json\/wp\/v2\/media\/20008"}],"wp:attachment":[{"href":"http:\/\/myfitmenu.es\/en\/wp-json\/wp\/v2\/media?parent=20007"}],"wp:term":[{"taxonomy":"product_brand","embeddable":true,"href":"http:\/\/myfitmenu.es\/en\/wp-json\/wp\/v2\/product_brand?post=20007"},{"taxonomy":"product_cat","embeddable":true,"href":"http:\/\/myfitmenu.es\/en\/wp-json\/wp\/v2\/product_cat?post=20007"},{"taxonomy":"product_tag","embeddable":true,"href":"http:\/\/myfitmenu.es\/en\/wp-json\/wp\/v2\/product_tag?post=20007"}],"curies":[{"name":"wp","href":"https:\/\/api.w.org\/{rel}","templated":true}]}}