{"id":19928,"date":"2025-03-15T09:56:32","date_gmt":"2025-03-15T09:56:32","guid":{"rendered":"https:\/\/myfitmenu.es\/sin%20categor\u00eda\/synephrine-vege-90-capsules-ostrovit\/"},"modified":"2026-03-26T10:27:44","modified_gmt":"2026-03-26T10:27:44","slug":"synephrine-vege-90-capsules-ostrovit","status":"publish","type":"product","link":"http:\/\/myfitmenu.es\/en\/suplementacion-online\/synephrine-vege-90-capsules-ostrovit\/","title":{"rendered":"Synephrine vege 90 capsules Ostrovit"},"content":{"rendered":"<p>Source of a valuable ingredient: one serving of the dietary supplement provides the body with 333.33 mg of bitter orange extract, standardised to 6% synephrine.<br \/>Suitable for vegetarians and vegans: the product contains no ingredients of animal origin.<br \/>1 serving = 1 capsule.<br \/>Efficacy: one pack contains 90 servings, enough for three months of regular supplementation.<br \/>Practical presentation: the supplement, available in easy-to-swallow capsules, ensures hassle-free delivery.<br \/>OstroVit Synephrine VEGE: a valuable source of a valuable ingredient<\/p>\n<p>Bitter orange: a perennial plant species belonging to the Rutaceae family. It is a small tree distinguished by its characteristic white flowers and fleshy fruit with dark orange skin. The fruit of the bitter orange is sour and slightly bitter, so it is rarely eaten raw. Bitter oranges are most often used in the production of jams and preserves, but due to their richness in valuable compounds, they are also used as an ingredient in dietary supplements. Bitter orange contains, among other things, synephrine, an alkaloid classified as a thermogenic substance, the content of which is standardised in the plant extract used in OstroVit.<br \/>Laboratory-certified quality<br \/>For the health of our customers, the products we manufacture are regularly tested in an independent accredited laboratory to ensure and maintain the highest quality.<\/p>","protected":false},"excerpt":{"rendered":"<p>OstroVit Synephrine VEGE is a high quality dietary supplement containing bitter orange extract, a source of synephrine. It is a vegan preparation available in easy-to-swallow capsules, designed for those who care about their figure and desire a healthy and beautiful appearance.<\/p>","protected":false},"featured_media":19929,"comment_status":"open","ping_status":"closed","template":"","meta":{"inline_featured_image":false},"product_brand":[],"product_cat":[210,98],"product_tag":[],"class_list":{"0":"post-19928","1":"product","2":"type-product","3":"status-publish","4":"has-post-thumbnail","6":"product_cat-perdida-de-grasa-2","7":"product_cat-suplementacion-online","8":"pa_sa_color_unico-color-unico","9":"pa_sa_talla_unica-talla-unica","11":"first","12":"instock","13":"purchasable","14":"product-type-simple"},"acf":[],"yoast_head":"<!-- This site is optimized with the Yoast SEO plugin v27.1.1 - https:\/\/yoast.com\/product\/yoast-seo-wordpress\/ -->\n<title>Synephrine vege 90 capsules Ostrovit - My Fit Menu<\/title>\n<meta name=\"robots\" content=\"index, follow, max-snippet:-1, max-image-preview:large, max-video-preview:-1\" \/>\n<link rel=\"canonical\" href=\"https:\/\/myfitmenu.es\/en\/perdida-de-grasa-2\/synephrine-vege-90-capsules-ostrovit\/\" \/>\n<meta property=\"og:locale\" content=\"en_GB\" \/>\n<meta property=\"og:type\" content=\"article\" \/>\n<meta property=\"og:title\" content=\"Synephrine vege 90 capsules Ostrovit - My Fit Menu\" \/>\n<meta property=\"og:description\" content=\"OstroVit Synephrine VEGE es un suplemento diet\u00e9tico de alta calidad que contiene extracto de naranja amarga, fuente de sinefrina. Es una preparaci\u00f3n vegana disponible en c\u00e1psulas f\u00e1ciles de tragar, dise\u00f1ada para quienes cuidan su figura y desean una apariencia saludable y hermosa.\" \/>\n<meta property=\"og:url\" content=\"https:\/\/myfitmenu.es\/en\/perdida-de-grasa-2\/synephrine-vege-90-capsules-ostrovit\/\" \/>\n<meta property=\"og:site_name\" content=\"My Fit Menu\" \/>\n<meta property=\"article:modified_time\" content=\"2026-03-26T10:27:44+00:00\" \/>\n<meta property=\"og:image\" content=\"https:\/\/myfitmenu.es\/wp-content\/uploads\/2025\/03\/eng_pl_OstroVit-Synephrine-VEGE-90-capsules-26910_1-thumbnail-2000x2000-1.png\" \/>\n\t<meta property=\"og:image:width\" content=\"1000\" \/>\n\t<meta property=\"og:image:height\" content=\"1000\" \/>\n\t<meta property=\"og:image:type\" content=\"image\/png\" \/>\n<meta name=\"twitter:card\" content=\"summary_large_image\" \/>\n<meta name=\"twitter:label1\" content=\"Estimated reading time\" \/>\n\t<meta name=\"twitter:data1\" content=\"1 minute\" \/>\n<script type=\"application\/ld+json\" class=\"yoast-schema-graph\">{\"@context\":\"https:\/\/schema.org\",\"@graph\":[{\"@type\":\"WebPage\",\"@id\":\"https:\/\/myfitmenu.es\/perdida-de-grasa-2\/synephrine-vege-90-capsules-ostrovit\/\",\"url\":\"https:\/\/myfitmenu.es\/perdida-de-grasa-2\/synephrine-vege-90-capsules-ostrovit\/\",\"name\":\"Synephrine vege 90 capsules Ostrovit - My Fit Menu\",\"isPartOf\":{\"@id\":\"https:\/\/myfitmenu.es\/#website\"},\"primaryImageOfPage\":{\"@id\":\"https:\/\/myfitmenu.es\/perdida-de-grasa-2\/synephrine-vege-90-capsules-ostrovit\/#primaryimage\"},\"image\":{\"@id\":\"https:\/\/myfitmenu.es\/perdida-de-grasa-2\/synephrine-vege-90-capsules-ostrovit\/#primaryimage\"},\"thumbnailUrl\":\"https:\/\/myfitmenu.es\/wp-content\/uploads\/2025\/03\/eng_pl_OstroVit-Synephrine-VEGE-90-capsules-26910_1-thumbnail-2000x2000-1.png\",\"datePublished\":\"2025-03-15T09:56:32+00:00\",\"dateModified\":\"2026-03-26T10:27:44+00:00\",\"breadcrumb\":{\"@id\":\"https:\/\/myfitmenu.es\/perdida-de-grasa-2\/synephrine-vege-90-capsules-ostrovit\/#breadcrumb\"},\"inLanguage\":\"en-GB\",\"potentialAction\":[{\"@type\":\"ReadAction\",\"target\":[\"https:\/\/myfitmenu.es\/perdida-de-grasa-2\/synephrine-vege-90-capsules-ostrovit\/\"]}]},{\"@type\":\"ImageObject\",\"inLanguage\":\"en-GB\",\"@id\":\"https:\/\/myfitmenu.es\/perdida-de-grasa-2\/synephrine-vege-90-capsules-ostrovit\/#primaryimage\",\"url\":\"https:\/\/myfitmenu.es\/wp-content\/uploads\/2025\/03\/eng_pl_OstroVit-Synephrine-VEGE-90-capsules-26910_1-thumbnail-2000x2000-1.png\",\"contentUrl\":\"https:\/\/myfitmenu.es\/wp-content\/uploads\/2025\/03\/eng_pl_OstroVit-Synephrine-VEGE-90-capsules-26910_1-thumbnail-2000x2000-1.png\",\"width\":1000,\"height\":1000},{\"@type\":\"BreadcrumbList\",\"@id\":\"https:\/\/myfitmenu.es\/perdida-de-grasa-2\/synephrine-vege-90-capsules-ostrovit\/#breadcrumb\",\"itemListElement\":[{\"@type\":\"ListItem\",\"position\":1,\"name\":\"Portada\",\"item\":\"https:\/\/myfitmenu.es\/\"},{\"@type\":\"ListItem\",\"position\":2,\"name\":\"Shop\",\"item\":\"http:\/\/myfitmenu.es\/en\/shop\/\"},{\"@type\":\"ListItem\",\"position\":3,\"name\":\"Synephrine vege 90 capsules Ostrovit\"}]},{\"@type\":\"WebSite\",\"@id\":\"https:\/\/myfitmenu.es\/#website\",\"url\":\"https:\/\/myfitmenu.es\/\",\"name\":\"My Fit Menu\",\"description\":\"\",\"potentialAction\":[{\"@type\":\"SearchAction\",\"target\":{\"@type\":\"EntryPoint\",\"urlTemplate\":\"https:\/\/myfitmenu.es\/?s={search_term_string}\"},\"query-input\":{\"@type\":\"PropertyValueSpecification\",\"valueRequired\":true,\"valueName\":\"search_term_string\"}}],\"inLanguage\":\"en-GB\"}]}<\/script>\n<!-- \/ Yoast SEO plugin. -->","yoast_head_json":{"title":"Synephrine vege 90 capsules Ostrovit - My Fit Menu","robots":{"index":"index","follow":"follow","max-snippet":"max-snippet:-1","max-image-preview":"max-image-preview:large","max-video-preview":"max-video-preview:-1"},"canonical":"https:\/\/myfitmenu.es\/en\/perdida-de-grasa-2\/synephrine-vege-90-capsules-ostrovit\/","og_locale":"en_GB","og_type":"article","og_title":"Synephrine vege 90 capsules Ostrovit - My Fit Menu","og_description":"OstroVit Synephrine VEGE es un suplemento diet\u00e9tico de alta calidad que contiene extracto de naranja amarga, fuente de sinefrina. Es una preparaci\u00f3n vegana disponible en c\u00e1psulas f\u00e1ciles de tragar, dise\u00f1ada para quienes cuidan su figura y desean una apariencia saludable y hermosa.","og_url":"https:\/\/myfitmenu.es\/en\/perdida-de-grasa-2\/synephrine-vege-90-capsules-ostrovit\/","og_site_name":"My Fit Menu","article_modified_time":"2026-03-26T10:27:44+00:00","og_image":[{"width":1000,"height":1000,"url":"https:\/\/myfitmenu.es\/wp-content\/uploads\/2025\/03\/eng_pl_OstroVit-Synephrine-VEGE-90-capsules-26910_1-thumbnail-2000x2000-1.png","type":"image\/png"}],"twitter_card":"summary_large_image","twitter_misc":{"Estimated reading time":"1 minute"},"schema":{"@context":"https:\/\/schema.org","@graph":[{"@type":"WebPage","@id":"https:\/\/myfitmenu.es\/perdida-de-grasa-2\/synephrine-vege-90-capsules-ostrovit\/","url":"https:\/\/myfitmenu.es\/perdida-de-grasa-2\/synephrine-vege-90-capsules-ostrovit\/","name":"Synephrine vege 90 capsules Ostrovit - My Fit Menu","isPartOf":{"@id":"https:\/\/myfitmenu.es\/#website"},"primaryImageOfPage":{"@id":"https:\/\/myfitmenu.es\/perdida-de-grasa-2\/synephrine-vege-90-capsules-ostrovit\/#primaryimage"},"image":{"@id":"https:\/\/myfitmenu.es\/perdida-de-grasa-2\/synephrine-vege-90-capsules-ostrovit\/#primaryimage"},"thumbnailUrl":"https:\/\/myfitmenu.es\/wp-content\/uploads\/2025\/03\/eng_pl_OstroVit-Synephrine-VEGE-90-capsules-26910_1-thumbnail-2000x2000-1.png","datePublished":"2025-03-15T09:56:32+00:00","dateModified":"2026-03-26T10:27:44+00:00","breadcrumb":{"@id":"https:\/\/myfitmenu.es\/perdida-de-grasa-2\/synephrine-vege-90-capsules-ostrovit\/#breadcrumb"},"inLanguage":"en-GB","potentialAction":[{"@type":"ReadAction","target":["https:\/\/myfitmenu.es\/perdida-de-grasa-2\/synephrine-vege-90-capsules-ostrovit\/"]}]},{"@type":"ImageObject","inLanguage":"en-GB","@id":"https:\/\/myfitmenu.es\/perdida-de-grasa-2\/synephrine-vege-90-capsules-ostrovit\/#primaryimage","url":"https:\/\/myfitmenu.es\/wp-content\/uploads\/2025\/03\/eng_pl_OstroVit-Synephrine-VEGE-90-capsules-26910_1-thumbnail-2000x2000-1.png","contentUrl":"https:\/\/myfitmenu.es\/wp-content\/uploads\/2025\/03\/eng_pl_OstroVit-Synephrine-VEGE-90-capsules-26910_1-thumbnail-2000x2000-1.png","width":1000,"height":1000},{"@type":"BreadcrumbList","@id":"https:\/\/myfitmenu.es\/perdida-de-grasa-2\/synephrine-vege-90-capsules-ostrovit\/#breadcrumb","itemListElement":[{"@type":"ListItem","position":1,"name":"Portada","item":"https:\/\/myfitmenu.es\/"},{"@type":"ListItem","position":2,"name":"Shop","item":"http:\/\/myfitmenu.es\/en\/shop\/"},{"@type":"ListItem","position":3,"name":"Synephrine vege 90 capsules Ostrovit"}]},{"@type":"WebSite","@id":"https:\/\/myfitmenu.es\/#website","url":"https:\/\/myfitmenu.es\/","name":"My Fit Menu","description":"","potentialAction":[{"@type":"SearchAction","target":{"@type":"EntryPoint","urlTemplate":"https:\/\/myfitmenu.es\/?s={search_term_string}"},"query-input":{"@type":"PropertyValueSpecification","valueRequired":true,"valueName":"search_term_string"}}],"inLanguage":"en-GB"}]}},"_links":{"self":[{"href":"http:\/\/myfitmenu.es\/en\/wp-json\/wp\/v2\/product\/19928","targetHints":{"allow":["GET"]}}],"collection":[{"href":"http:\/\/myfitmenu.es\/en\/wp-json\/wp\/v2\/product"}],"about":[{"href":"http:\/\/myfitmenu.es\/en\/wp-json\/wp\/v2\/types\/product"}],"replies":[{"embeddable":true,"href":"http:\/\/myfitmenu.es\/en\/wp-json\/wp\/v2\/comments?post=19928"}],"version-history":[{"count":1,"href":"http:\/\/myfitmenu.es\/en\/wp-json\/wp\/v2\/product\/19928\/revisions"}],"predecessor-version":[{"id":20221,"href":"http:\/\/myfitmenu.es\/en\/wp-json\/wp\/v2\/product\/19928\/revisions\/20221"}],"wp:featuredmedia":[{"embeddable":true,"href":"http:\/\/myfitmenu.es\/en\/wp-json\/wp\/v2\/media\/19929"}],"wp:attachment":[{"href":"http:\/\/myfitmenu.es\/en\/wp-json\/wp\/v2\/media?parent=19928"}],"wp:term":[{"taxonomy":"product_brand","embeddable":true,"href":"http:\/\/myfitmenu.es\/en\/wp-json\/wp\/v2\/product_brand?post=19928"},{"taxonomy":"product_cat","embeddable":true,"href":"http:\/\/myfitmenu.es\/en\/wp-json\/wp\/v2\/product_cat?post=19928"},{"taxonomy":"product_tag","embeddable":true,"href":"http:\/\/myfitmenu.es\/en\/wp-json\/wp\/v2\/product_tag?post=19928"}],"curies":[{"name":"wp","href":"https:\/\/api.w.org\/{rel}","templated":true}]}}