{"id":19920,"date":"2025-03-14T10:11:53","date_gmt":"2025-03-14T10:11:53","guid":{"rendered":"https:\/\/myfitmenu.es\/sin%20categor\u00eda\/niacin-250-no-flush-90-tabs-ostrovit\/"},"modified":"2025-08-21T15:05:43","modified_gmt":"2025-08-21T15:05:43","slug":"niacin-250-no-flush-90-tabs-ostrovit","status":"publish","type":"product","link":"http:\/\/myfitmenu.es\/en\/suplementacion-online\/niacin-250-no-flush-90-tabs-ostrovit\/","title":{"rendered":"Niacin 250 No-flush 90 tabs Ostrovit"},"content":{"rendered":"<p class=\"cm__text\" style=\"font-size: 16px;text-align: left\"><strong>Niacin - vitamin PP or B3<\/strong>\u00a0- a water-soluble vitamin belonging to the B group. Niacin can to some extent be synthesised naturally in the human body from the amino acid tryptophan, but it is also worth supplying it to the body from outside, along with the daily diet: vitamin PP can be found in animal products such as meat, fish or eggs. As a result of the use of dietary supplements containing niacin, a phenomenon called niacin flushing may occur, which is the result of the immediate release of nicotinic acid in the body, contributing to increased blood flow due to vasodilation. This is a common side effect associated with the use of niacin-containing dietary supplements, which can manifest as redness and itching of the skin. It is a phenomenon which, although harmless, can contribute to feelings of discomfort. However, a good solution may be to supplement with niacin in the form of inositol hexanicotinate, available from OstroVit. It is a form of the compound which\u00a0<strong>does not cause the reddening effect<\/strong>\u00a0and therefore allows for problem-free supplementation.<\/p>\n<h2 class=\"cm__heading\" style=\"text-align: left\">Properties of the ingredients contained in OstroVit Niacin 250 NO-FLUSH<\/h2>\n<p style=\"font-size: 16px;text-align: left\"><strong>Niacin<\/strong>\u00a0contributes to the maintenance of proper energy metabolism and also supports the proper functioning of the nervous system. In addition, it helps maintain optimal psychological functions and supports the maintenance of healthy mucous membranes. Niacin also helps maintain healthy skin and contributes to the reduction of tiredness and fatigue.<\/p>\n<div class=\"--composition mb-4\" style=\"font-size: 16px;text-align: left\">\n<h3 class=\"--sublabel\"><strong>Ingredients<\/strong><\/h3>\n<p>Inositol hexanicotinate (niacin), bulking agent: microcrystalline cellulose; starch, anti-caking agents: magnesium salts of fatty acids, silicon dioxide.<\/p>\n<p>The product may contain milk (including lactose), soya, peanuts, other nuts, sesame seeds, cereals containing gluten, eggs, crustaceans, fish.<\/p>\n<\/div>\n<div class=\"--nutrit\" style=\"font-size: 16px;text-align: left\">\n<h3 class=\"--sublabel\"><strong>Nutritional information<\/strong><\/h3>\n<div class=\"nutrition_table_wrapper\">\n<div class=\"top_info\"><label>Net product weight: 43 g<\/label><\/div>\n<div class=\"top_info\"><label>Number of servings per pack: 90<\/label><\/div>\n<div class=\"top_info\"><label>Serving size: 1 tablet<\/label><\/div>\n<div class=\"table_wrapper\">\n<table style=\"font-size: 16px;width: 1220.6875px\">\n<tbody>\n<tr>\n<th style=\"text-align: left\">Active ingredients<\/th>\n<th style=\"text-align: left\">Per portion<\/th>\n<th style=\"text-align: left\">% IR* % IR* % IR* % IR* % IR<\/th>\n<\/tr>\n<tr>\n<td style=\"text-align: left;width: 402.8125px\">Niacin<\/td>\n<td style=\"text-align: left\">250 mg<\/td>\n<td style=\"text-align: left\">1563%<\/td>\n<\/tr>\n<\/tbody>\n<\/table>\n<p>*RRI - Reference Intake<\/p>\n<\/div>\n<\/div>\n<\/div>","protected":false},"excerpt":{"rendered":"<p>OstroVit Niacin 250 NO-FLUSH is a high quality dietary supplement that is a source of niacin in the form of inositol hexanicotinate. This preparation is available in the form of easy-to-swallow tablets, created for people with an increased need for vitamins.<\/p>\n<ul>\n<li><strong>The source of niacin<\/strong>\u00a0- One serving of the dietary supplement provides the body with 250 mg of vitamin B3 in the form of inositol hexanicatinate, i.e. in a compound form that does not cause the flushing effect.<\/li>\n<li><strong>1 serving = 1 tablet<\/strong>.<\/li>\n<li><strong>Efficiency<\/strong>\u00a0- The product package contains 90 servings of the preparation, which is enough for three months of regular supplementation.<\/li>\n<li><strong>Convenient form<\/strong>The preparation, available in easy-to-swallow tablet form, ensures a trouble-free supply of the dietary supplement.<\/li>\n<\/ul>","protected":false},"featured_media":19921,"comment_status":"open","ping_status":"closed","template":"","meta":{"inline_featured_image":false},"product_brand":[],"product_cat":[206,325,98],"product_tag":[],"class_list":{"0":"post-19920","1":"product","2":"type-product","3":"status-publish","4":"has-post-thumbnail","6":"product_cat-salud-2","7":"product_cat-vitaminas-y-minerales-2","8":"product_cat-suplementacion-online","9":"pa_sa_color_unico-color-unico","10":"pa_sa_talla_unica-talla-unica","12":"first","13":"instock","14":"purchasable","15":"product-type-simple"},"acf":[],"yoast_head":"<!-- This site is optimized with the Yoast SEO plugin v27.1.1 - https:\/\/yoast.com\/product\/yoast-seo-wordpress\/ -->\n<title>Niacin 250 No-flush 90 tabs Ostrovit - My Fit Menu<\/title>\n<meta name=\"robots\" content=\"index, follow, max-snippet:-1, max-image-preview:large, max-video-preview:-1\" \/>\n<link rel=\"canonical\" href=\"https:\/\/myfitmenu.es\/en\/vitaminas-y-minerales-2\/niacin-250-no-flush-90-tabs-ostrovit\/\" \/>\n<meta property=\"og:locale\" content=\"en_GB\" \/>\n<meta property=\"og:type\" content=\"article\" \/>\n<meta property=\"og:title\" content=\"Niacin 250 No-flush 90 tabs Ostrovit - My Fit Menu\" \/>\n<meta property=\"og:description\" content=\"OstroVit Niacin 250 NO-FLUSH es un suplemento diet\u00e9tico de alta calidad que es una fuente de niacina en forma de hexanicotinato de inositol. Este preparado est\u00e1 disponible en forma de comprimidos f\u00e1ciles de tragar, creados para personas con una mayor necesidad de vitaminas.La fuente de niacina\u00a0\u2013 Una porci\u00f3n del suplemento diet\u00e9tico proporciona al cuerpo 250 mg de vitamina B3 en forma de hexanicatinato de inositol, es decir, en una forma de compuesto que no causa el efecto de enrojecimiento.1 porci\u00f3n = 1 tableta.Eficiencia\u00a0\u2013 El paquete del producto contiene 90 porciones de la preparaci\u00f3n, que es suficiente para tres meses de suplementaci\u00f3n regular.Forma conveniente: la preparaci\u00f3n, disponible en forma de tabletas f\u00e1ciles de tragar, garantiza un suministro sin problemas del suplemento diet\u00e9tico.\" \/>\n<meta property=\"og:url\" content=\"https:\/\/myfitmenu.es\/en\/vitaminas-y-minerales-2\/niacin-250-no-flush-90-tabs-ostrovit\/\" \/>\n<meta property=\"og:site_name\" content=\"My Fit Menu\" \/>\n<meta property=\"article:modified_time\" content=\"2025-08-21T15:05:43+00:00\" \/>\n<meta property=\"og:image\" content=\"https:\/\/myfitmenu.es\/wp-content\/uploads\/2025\/03\/eng_pm_OstroVit-Niacin-250-NO-FLUSH-90-tablets-26484_1-thumbnail-2000x2000-1.png\" \/>\n\t<meta property=\"og:image:width\" content=\"450\" \/>\n\t<meta property=\"og:image:height\" content=\"450\" \/>\n\t<meta property=\"og:image:type\" content=\"image\/png\" \/>\n<meta name=\"twitter:card\" content=\"summary_large_image\" \/>\n<meta name=\"twitter:label1\" content=\"Estimated reading time\" \/>\n\t<meta name=\"twitter:data1\" content=\"2 minutes\" \/>\n<script type=\"application\/ld+json\" class=\"yoast-schema-graph\">{\"@context\":\"https:\/\/schema.org\",\"@graph\":[{\"@type\":\"WebPage\",\"@id\":\"https:\/\/myfitmenu.es\/vitaminas-y-minerales-2\/niacin-250-no-flush-90-tabs-ostrovit\/\",\"url\":\"https:\/\/myfitmenu.es\/vitaminas-y-minerales-2\/niacin-250-no-flush-90-tabs-ostrovit\/\",\"name\":\"Niacin 250 No-flush 90 tabs Ostrovit - My Fit Menu\",\"isPartOf\":{\"@id\":\"https:\/\/myfitmenu.es\/#website\"},\"primaryImageOfPage\":{\"@id\":\"https:\/\/myfitmenu.es\/vitaminas-y-minerales-2\/niacin-250-no-flush-90-tabs-ostrovit\/#primaryimage\"},\"image\":{\"@id\":\"https:\/\/myfitmenu.es\/vitaminas-y-minerales-2\/niacin-250-no-flush-90-tabs-ostrovit\/#primaryimage\"},\"thumbnailUrl\":\"https:\/\/myfitmenu.es\/wp-content\/uploads\/2025\/03\/eng_pm_OstroVit-Niacin-250-NO-FLUSH-90-tablets-26484_1-thumbnail-2000x2000-1.png\",\"datePublished\":\"2025-03-14T10:11:53+00:00\",\"dateModified\":\"2025-08-21T15:05:43+00:00\",\"breadcrumb\":{\"@id\":\"https:\/\/myfitmenu.es\/vitaminas-y-minerales-2\/niacin-250-no-flush-90-tabs-ostrovit\/#breadcrumb\"},\"inLanguage\":\"en-GB\",\"potentialAction\":[{\"@type\":\"ReadAction\",\"target\":[\"https:\/\/myfitmenu.es\/vitaminas-y-minerales-2\/niacin-250-no-flush-90-tabs-ostrovit\/\"]}]},{\"@type\":\"ImageObject\",\"inLanguage\":\"en-GB\",\"@id\":\"https:\/\/myfitmenu.es\/vitaminas-y-minerales-2\/niacin-250-no-flush-90-tabs-ostrovit\/#primaryimage\",\"url\":\"https:\/\/myfitmenu.es\/wp-content\/uploads\/2025\/03\/eng_pm_OstroVit-Niacin-250-NO-FLUSH-90-tablets-26484_1-thumbnail-2000x2000-1.png\",\"contentUrl\":\"https:\/\/myfitmenu.es\/wp-content\/uploads\/2025\/03\/eng_pm_OstroVit-Niacin-250-NO-FLUSH-90-tablets-26484_1-thumbnail-2000x2000-1.png\",\"width\":450,\"height\":450},{\"@type\":\"BreadcrumbList\",\"@id\":\"https:\/\/myfitmenu.es\/vitaminas-y-minerales-2\/niacin-250-no-flush-90-tabs-ostrovit\/#breadcrumb\",\"itemListElement\":[{\"@type\":\"ListItem\",\"position\":1,\"name\":\"Portada\",\"item\":\"https:\/\/myfitmenu.es\/\"},{\"@type\":\"ListItem\",\"position\":2,\"name\":\"Shop\",\"item\":\"http:\/\/myfitmenu.es\/en\/shop\/\"},{\"@type\":\"ListItem\",\"position\":3,\"name\":\"Niacin 250 No-flush 90 tabs Ostrovit\"}]},{\"@type\":\"WebSite\",\"@id\":\"https:\/\/myfitmenu.es\/#website\",\"url\":\"https:\/\/myfitmenu.es\/\",\"name\":\"My Fit Menu\",\"description\":\"\",\"potentialAction\":[{\"@type\":\"SearchAction\",\"target\":{\"@type\":\"EntryPoint\",\"urlTemplate\":\"https:\/\/myfitmenu.es\/?s={search_term_string}\"},\"query-input\":{\"@type\":\"PropertyValueSpecification\",\"valueRequired\":true,\"valueName\":\"search_term_string\"}}],\"inLanguage\":\"en-GB\"}]}<\/script>\n<!-- \/ Yoast SEO plugin. -->","yoast_head_json":{"title":"Niacin 250 No-flush 90 tabs Ostrovit - My Fit Menu","robots":{"index":"index","follow":"follow","max-snippet":"max-snippet:-1","max-image-preview":"max-image-preview:large","max-video-preview":"max-video-preview:-1"},"canonical":"https:\/\/myfitmenu.es\/en\/vitaminas-y-minerales-2\/niacin-250-no-flush-90-tabs-ostrovit\/","og_locale":"en_GB","og_type":"article","og_title":"Niacin 250 No-flush 90 tabs Ostrovit - My Fit Menu","og_description":"OstroVit Niacin 250 NO-FLUSH es un suplemento diet\u00e9tico de alta calidad que es una fuente de niacina en forma de hexanicotinato de inositol. Este preparado est\u00e1 disponible en forma de comprimidos f\u00e1ciles de tragar, creados para personas con una mayor necesidad de vitaminas.La fuente de niacina\u00a0\u2013 Una porci\u00f3n del suplemento diet\u00e9tico proporciona al cuerpo 250 mg de vitamina B3 en forma de hexanicatinato de inositol, es decir, en una forma de compuesto que no causa el efecto de enrojecimiento.1 porci\u00f3n = 1 tableta.Eficiencia\u00a0\u2013 El paquete del producto contiene 90 porciones de la preparaci\u00f3n, que es suficiente para tres meses de suplementaci\u00f3n regular.Forma conveniente: la preparaci\u00f3n, disponible en forma de tabletas f\u00e1ciles de tragar, garantiza un suministro sin problemas del suplemento diet\u00e9tico.","og_url":"https:\/\/myfitmenu.es\/en\/vitaminas-y-minerales-2\/niacin-250-no-flush-90-tabs-ostrovit\/","og_site_name":"My Fit Menu","article_modified_time":"2025-08-21T15:05:43+00:00","og_image":[{"width":450,"height":450,"url":"https:\/\/myfitmenu.es\/wp-content\/uploads\/2025\/03\/eng_pm_OstroVit-Niacin-250-NO-FLUSH-90-tablets-26484_1-thumbnail-2000x2000-1.png","type":"image\/png"}],"twitter_card":"summary_large_image","twitter_misc":{"Estimated reading time":"2 minutes"},"schema":{"@context":"https:\/\/schema.org","@graph":[{"@type":"WebPage","@id":"https:\/\/myfitmenu.es\/vitaminas-y-minerales-2\/niacin-250-no-flush-90-tabs-ostrovit\/","url":"https:\/\/myfitmenu.es\/vitaminas-y-minerales-2\/niacin-250-no-flush-90-tabs-ostrovit\/","name":"Niacin 250 No-flush 90 tabs Ostrovit - My Fit Menu","isPartOf":{"@id":"https:\/\/myfitmenu.es\/#website"},"primaryImageOfPage":{"@id":"https:\/\/myfitmenu.es\/vitaminas-y-minerales-2\/niacin-250-no-flush-90-tabs-ostrovit\/#primaryimage"},"image":{"@id":"https:\/\/myfitmenu.es\/vitaminas-y-minerales-2\/niacin-250-no-flush-90-tabs-ostrovit\/#primaryimage"},"thumbnailUrl":"https:\/\/myfitmenu.es\/wp-content\/uploads\/2025\/03\/eng_pm_OstroVit-Niacin-250-NO-FLUSH-90-tablets-26484_1-thumbnail-2000x2000-1.png","datePublished":"2025-03-14T10:11:53+00:00","dateModified":"2025-08-21T15:05:43+00:00","breadcrumb":{"@id":"https:\/\/myfitmenu.es\/vitaminas-y-minerales-2\/niacin-250-no-flush-90-tabs-ostrovit\/#breadcrumb"},"inLanguage":"en-GB","potentialAction":[{"@type":"ReadAction","target":["https:\/\/myfitmenu.es\/vitaminas-y-minerales-2\/niacin-250-no-flush-90-tabs-ostrovit\/"]}]},{"@type":"ImageObject","inLanguage":"en-GB","@id":"https:\/\/myfitmenu.es\/vitaminas-y-minerales-2\/niacin-250-no-flush-90-tabs-ostrovit\/#primaryimage","url":"https:\/\/myfitmenu.es\/wp-content\/uploads\/2025\/03\/eng_pm_OstroVit-Niacin-250-NO-FLUSH-90-tablets-26484_1-thumbnail-2000x2000-1.png","contentUrl":"https:\/\/myfitmenu.es\/wp-content\/uploads\/2025\/03\/eng_pm_OstroVit-Niacin-250-NO-FLUSH-90-tablets-26484_1-thumbnail-2000x2000-1.png","width":450,"height":450},{"@type":"BreadcrumbList","@id":"https:\/\/myfitmenu.es\/vitaminas-y-minerales-2\/niacin-250-no-flush-90-tabs-ostrovit\/#breadcrumb","itemListElement":[{"@type":"ListItem","position":1,"name":"Portada","item":"https:\/\/myfitmenu.es\/"},{"@type":"ListItem","position":2,"name":"Shop","item":"http:\/\/myfitmenu.es\/en\/shop\/"},{"@type":"ListItem","position":3,"name":"Niacin 250 No-flush 90 tabs Ostrovit"}]},{"@type":"WebSite","@id":"https:\/\/myfitmenu.es\/#website","url":"https:\/\/myfitmenu.es\/","name":"My Fit Menu","description":"","potentialAction":[{"@type":"SearchAction","target":{"@type":"EntryPoint","urlTemplate":"https:\/\/myfitmenu.es\/?s={search_term_string}"},"query-input":{"@type":"PropertyValueSpecification","valueRequired":true,"valueName":"search_term_string"}}],"inLanguage":"en-GB"}]}},"_links":{"self":[{"href":"http:\/\/myfitmenu.es\/en\/wp-json\/wp\/v2\/product\/19920","targetHints":{"allow":["GET"]}}],"collection":[{"href":"http:\/\/myfitmenu.es\/en\/wp-json\/wp\/v2\/product"}],"about":[{"href":"http:\/\/myfitmenu.es\/en\/wp-json\/wp\/v2\/types\/product"}],"replies":[{"embeddable":true,"href":"http:\/\/myfitmenu.es\/en\/wp-json\/wp\/v2\/comments?post=19920"}],"version-history":[{"count":1,"href":"http:\/\/myfitmenu.es\/en\/wp-json\/wp\/v2\/product\/19920\/revisions"}],"predecessor-version":[{"id":20010,"href":"http:\/\/myfitmenu.es\/en\/wp-json\/wp\/v2\/product\/19920\/revisions\/20010"}],"wp:featuredmedia":[{"embeddable":true,"href":"http:\/\/myfitmenu.es\/en\/wp-json\/wp\/v2\/media\/19921"}],"wp:attachment":[{"href":"http:\/\/myfitmenu.es\/en\/wp-json\/wp\/v2\/media?parent=19920"}],"wp:term":[{"taxonomy":"product_brand","embeddable":true,"href":"http:\/\/myfitmenu.es\/en\/wp-json\/wp\/v2\/product_brand?post=19920"},{"taxonomy":"product_cat","embeddable":true,"href":"http:\/\/myfitmenu.es\/en\/wp-json\/wp\/v2\/product_cat?post=19920"},{"taxonomy":"product_tag","embeddable":true,"href":"http:\/\/myfitmenu.es\/en\/wp-json\/wp\/v2\/product_tag?post=19920"}],"curies":[{"name":"wp","href":"https:\/\/api.w.org\/{rel}","templated":true}]}}