{"id":19828,"date":"2025-02-25T17:19:37","date_gmt":"2025-02-25T17:19:37","guid":{"rendered":"https:\/\/myfitmenu.es\/sin%20categor\u00eda\/life-pro-fit-food-crush-bar-33-protein-50g\/"},"modified":"2025-05-22T18:54:54","modified_gmt":"2025-05-22T18:54:54","slug":"life-pro-fit-food-crush-bar-33-protein-50g","status":"publish","type":"product","link":"http:\/\/myfitmenu.es\/en\/snack\/life-pro-fit-food-crush-bar-33-protein-50g\/","title":{"rendered":"Life Pro Fit Food Crush Bar 33% Protein 50g"},"content":{"rendered":"<h2>WHY CHOOSE LIFE PRO FIT FOOD CRUSH BAR?<\/h2>\n<p>The <strong>protein bar <\/strong>\u00a0<strong>LIFE PRO FIT FOOD CRUSH BAR 33% PROTEIN 50G<\/strong> has been designed to offer a perfect balance of protein and low sugar content, just 1.7g per bar. With a 33% content of <strong>protein<\/strong> for each <strong>50g bar<\/strong>is ideal for those looking for a healthy, low-calorie, low-carb snack.<\/p>\n<h2>WHAT IS A PROTEIN BAR FOR?<\/h2>\n<p>If you are wondering <strong>what it is for<\/strong> a <strong>protein bar<\/strong>The answer is simple: it serves to <strong>nourishing your muscles with the necessary protein supply<\/strong>help you to <strong>get well<\/strong> after having carried out a <strong>intense training or exercise<\/strong> and maintain a feeling of satiety throughout the day. In addition, it is a practical and delicious option for those who want to <strong>increase your protein intake<\/strong> without having to resort to heavier meals.<\/p>\n<h2>CHARACTERISTICS OF THE LIFE PRO PROTEIN BAR<\/h2>\n<ul>\n<li><strong>High protein bars<\/strong>With 33% of protein per unit.<\/li>\n<li><strong>Low-sugar bars<\/strong>Perfect if you are looking to reduce sugar consumption in your diet.<\/li>\n<li><strong>Low calorie protein bars<\/strong>A light option for any time of the day.<\/li>\n<li><strong>Incredibly good<\/strong>: Why enjoy <strong>Protein chocolate bars<\/strong> does not have to be at odds with healthier nutrition than conventional bars.<\/li>\n<\/ul>\n<h2>WHEN TO CONSUME A PROTEIN BAR?<\/h2>\n<p><strong>LIFE PRO FIT FOOD CRUSH BAR<\/strong> is incredibly versatile. You can enjoy it <strong>before training<\/strong>It is perfect as an energy booster, or after your workout to help your muscles recover. It is perfect as a <strong>snack between meals<\/strong> to keep you satiated without compromising your diet.<\/p>\n<h2>BENEFITS OF PROTEIN BARS<\/h2>\n<p>The <strong>protein bars<\/strong> offer numerous benefits, especially if you lead an active lifestyle or play sport on a regular basis:<\/p>\n<ul>\n<li><strong>Increasing muscle mass<\/strong>Thanks to their high protein content, they are <strong>sticks<\/strong> are perfect for those who are focused on maintaining and gaining muscle mass.<\/li>\n<li><strong>Weight control<\/strong>: The <strong>low protein bars<\/strong> <strong>sugars<\/strong> allow you to maintain your diet without sacrificing taste.<\/li>\n<li><strong>Practical and easy to take<\/strong>Carry it in your bag, backpack, car,... and you will always have a healthy and delicious option at hand.<\/li>\n<\/ul>\n<h2>ARE PROTEIN BARS HEALTHY?<\/h2>\n<p>The <strong>protein bars<\/strong> are not only a quick and convenient source of nutrients, but they are also <strong>healthy<\/strong>as long as you choose options with quality ingredients, such as those from <strong>LIFE PRO FIT FOOD<\/strong>. Their carefully selected ingredients make these <strong>protein bars<\/strong> are an excellent choice for any time of the day, with no added sugars and low in unhealthy fats.<\/p>\n<h2>COMPARISON: WHY CHOOSE LIFE PRO?<\/h2>\n<p>If you are looking for <strong>cheap protein bars<\/strong>, <strong>healthy<\/strong> y <strong>low in calories<\/strong>, <strong>LIFE PRO FIT FOOD CRUSH BAR<\/strong> is the perfect choice. Unlike other brands on the market, this bar is not only affordable, but it is also made with the finest ingredients, providing the perfect balance of taste and nutrition.<\/p>","protected":false},"excerpt":{"rendered":"<p>Are you looking for a <strong>protein bar<\/strong> to accompany you in your daily life to reach your daily protein requirements in a simple and delicious way?<strong>LIFE PRO FIT FOOD CRUSH BAR 33% PROTEIN 50G<\/strong> is just what you need! This delicious <strong>protein bar<\/strong>comes to dazzle you with its different flavours. Whether before training or as a mid-afternoon snack, we assure you that it will become a must-have for you...<\/p>\n<p>Take care of yourself with Life Pro.<\/p>","protected":false},"featured_media":19829,"comment_status":"open","ping_status":"closed","template":"","meta":{"inline_featured_image":false},"product_brand":[],"product_cat":[371,308,98],"product_tag":[],"class_list":{"0":"post-19828","1":"product","2":"type-product","3":"status-publish","4":"has-post-thumbnail","6":"product_cat-barritas-de-proteinas","7":"product_cat-snack","8":"product_cat-suplementacion-online","9":"pa_sa_color_unico-color-unico","10":"pa_sa_talla_unica-talla-unica","12":"first","13":"instock","14":"purchasable","15":"product-type-simple"},"acf":[],"yoast_head":"<!-- This site is optimized with the Yoast SEO plugin v27.1.1 - https:\/\/yoast.com\/product\/yoast-seo-wordpress\/ -->\n<title>Life Pro Fit Food Crush Bar 33% Protein 50g - My Fit Menu<\/title>\n<meta name=\"robots\" content=\"index, follow, max-snippet:-1, max-image-preview:large, max-video-preview:-1\" \/>\n<link rel=\"canonical\" href=\"https:\/\/myfitmenu.es\/en\/snack\/life-pro-fit-food-crush-bar-33-protein-50g\/\" \/>\n<meta property=\"og:locale\" content=\"en_GB\" \/>\n<meta property=\"og:type\" content=\"article\" \/>\n<meta property=\"og:title\" content=\"Life Pro Fit Food Crush Bar 33% Protein 50g - My Fit Menu\" \/>\n<meta property=\"og:description\" content=\"\u00bfBuscas una barra de prote\u00ednas que te acompa\u00f1e en tu d\u00eda a d\u00eda para llegar a los requerimientos de prote\u00edna diarios de forma sencilla y deliciosa? \u00a1LIFE PRO FIT FOOD CRUSH BAR 33% PROTEIN 50G es justo lo que necesitas! Esta deliciosa barrita proteicaviene para encandilarte con sus diferentes sabores. Ya sea antes de entrenar o como un snack a media tarde, te aseguramos que se convertir\u00e1 en un must have para ti...Cu\u00eddate con Life Pro.\" \/>\n<meta property=\"og:url\" content=\"https:\/\/myfitmenu.es\/en\/snack\/life-pro-fit-food-crush-bar-33-protein-50g\/\" \/>\n<meta property=\"og:site_name\" content=\"My Fit Menu\" \/>\n<meta property=\"article:modified_time\" content=\"2025-05-22T18:54:54+00:00\" \/>\n<meta property=\"og:image\" content=\"https:\/\/myfitmenu.es\/wp-content\/uploads\/2025\/02\/life-pro-fit-food-crush-bar-33-protein-50g-600x600-thumbnail-2000x2000-80.jpg\" \/>\n\t<meta property=\"og:image:width\" content=\"600\" \/>\n\t<meta property=\"og:image:height\" content=\"600\" \/>\n\t<meta property=\"og:image:type\" content=\"image\/jpeg\" \/>\n<meta name=\"twitter:card\" content=\"summary_large_image\" \/>\n<meta name=\"twitter:label1\" content=\"Estimated reading time\" \/>\n\t<meta name=\"twitter:data1\" content=\"3 minutes\" \/>\n<script type=\"application\/ld+json\" class=\"yoast-schema-graph\">{\"@context\":\"https:\/\/schema.org\",\"@graph\":[{\"@type\":\"WebPage\",\"@id\":\"https:\/\/myfitmenu.es\/snack\/life-pro-fit-food-crush-bar-33-protein-50g\/\",\"url\":\"https:\/\/myfitmenu.es\/snack\/life-pro-fit-food-crush-bar-33-protein-50g\/\",\"name\":\"Life Pro Fit Food Crush Bar 33% Protein 50g - My Fit Menu\",\"isPartOf\":{\"@id\":\"https:\/\/myfitmenu.es\/#website\"},\"primaryImageOfPage\":{\"@id\":\"https:\/\/myfitmenu.es\/snack\/life-pro-fit-food-crush-bar-33-protein-50g\/#primaryimage\"},\"image\":{\"@id\":\"https:\/\/myfitmenu.es\/snack\/life-pro-fit-food-crush-bar-33-protein-50g\/#primaryimage\"},\"thumbnailUrl\":\"https:\/\/myfitmenu.es\/wp-content\/uploads\/2025\/02\/life-pro-fit-food-crush-bar-33-protein-50g-600x600-thumbnail-2000x2000-80.jpg\",\"datePublished\":\"2025-02-25T17:19:37+00:00\",\"dateModified\":\"2025-05-22T18:54:54+00:00\",\"breadcrumb\":{\"@id\":\"https:\/\/myfitmenu.es\/snack\/life-pro-fit-food-crush-bar-33-protein-50g\/#breadcrumb\"},\"inLanguage\":\"en-GB\",\"potentialAction\":[{\"@type\":\"ReadAction\",\"target\":[\"https:\/\/myfitmenu.es\/snack\/life-pro-fit-food-crush-bar-33-protein-50g\/\"]}]},{\"@type\":\"ImageObject\",\"inLanguage\":\"en-GB\",\"@id\":\"https:\/\/myfitmenu.es\/snack\/life-pro-fit-food-crush-bar-33-protein-50g\/#primaryimage\",\"url\":\"https:\/\/myfitmenu.es\/wp-content\/uploads\/2025\/02\/life-pro-fit-food-crush-bar-33-protein-50g-600x600-thumbnail-2000x2000-80.jpg\",\"contentUrl\":\"https:\/\/myfitmenu.es\/wp-content\/uploads\/2025\/02\/life-pro-fit-food-crush-bar-33-protein-50g-600x600-thumbnail-2000x2000-80.jpg\",\"width\":600,\"height\":600},{\"@type\":\"BreadcrumbList\",\"@id\":\"https:\/\/myfitmenu.es\/snack\/life-pro-fit-food-crush-bar-33-protein-50g\/#breadcrumb\",\"itemListElement\":[{\"@type\":\"ListItem\",\"position\":1,\"name\":\"Portada\",\"item\":\"https:\/\/myfitmenu.es\/\"},{\"@type\":\"ListItem\",\"position\":2,\"name\":\"Shop\",\"item\":\"http:\/\/myfitmenu.es\/en\/shop\/\"},{\"@type\":\"ListItem\",\"position\":3,\"name\":\"Life Pro Fit Food Crush Bar 33% Protein 50g\"}]},{\"@type\":\"WebSite\",\"@id\":\"https:\/\/myfitmenu.es\/#website\",\"url\":\"https:\/\/myfitmenu.es\/\",\"name\":\"My Fit Menu\",\"description\":\"\",\"potentialAction\":[{\"@type\":\"SearchAction\",\"target\":{\"@type\":\"EntryPoint\",\"urlTemplate\":\"https:\/\/myfitmenu.es\/?s={search_term_string}\"},\"query-input\":{\"@type\":\"PropertyValueSpecification\",\"valueRequired\":true,\"valueName\":\"search_term_string\"}}],\"inLanguage\":\"en-GB\"}]}<\/script>\n<!-- \/ Yoast SEO plugin. -->","yoast_head_json":{"title":"Life Pro Fit Food Crush Bar 33% Protein 50g - My Fit Menu","robots":{"index":"index","follow":"follow","max-snippet":"max-snippet:-1","max-image-preview":"max-image-preview:large","max-video-preview":"max-video-preview:-1"},"canonical":"https:\/\/myfitmenu.es\/en\/snack\/life-pro-fit-food-crush-bar-33-protein-50g\/","og_locale":"en_GB","og_type":"article","og_title":"Life Pro Fit Food Crush Bar 33% Protein 50g - My Fit Menu","og_description":"\u00bfBuscas una barra de prote\u00ednas que te acompa\u00f1e en tu d\u00eda a d\u00eda para llegar a los requerimientos de prote\u00edna diarios de forma sencilla y deliciosa? \u00a1LIFE PRO FIT FOOD CRUSH BAR 33% PROTEIN 50G es justo lo que necesitas! Esta deliciosa barrita proteicaviene para encandilarte con sus diferentes sabores. Ya sea antes de entrenar o como un snack a media tarde, te aseguramos que se convertir\u00e1 en un must have para ti...Cu\u00eddate con Life Pro.","og_url":"https:\/\/myfitmenu.es\/en\/snack\/life-pro-fit-food-crush-bar-33-protein-50g\/","og_site_name":"My Fit Menu","article_modified_time":"2025-05-22T18:54:54+00:00","og_image":[{"width":600,"height":600,"url":"https:\/\/myfitmenu.es\/wp-content\/uploads\/2025\/02\/life-pro-fit-food-crush-bar-33-protein-50g-600x600-thumbnail-2000x2000-80.jpg","type":"image\/jpeg"}],"twitter_card":"summary_large_image","twitter_misc":{"Estimated reading time":"3 minutes"},"schema":{"@context":"https:\/\/schema.org","@graph":[{"@type":"WebPage","@id":"https:\/\/myfitmenu.es\/snack\/life-pro-fit-food-crush-bar-33-protein-50g\/","url":"https:\/\/myfitmenu.es\/snack\/life-pro-fit-food-crush-bar-33-protein-50g\/","name":"Life Pro Fit Food Crush Bar 33% Protein 50g - My Fit Menu","isPartOf":{"@id":"https:\/\/myfitmenu.es\/#website"},"primaryImageOfPage":{"@id":"https:\/\/myfitmenu.es\/snack\/life-pro-fit-food-crush-bar-33-protein-50g\/#primaryimage"},"image":{"@id":"https:\/\/myfitmenu.es\/snack\/life-pro-fit-food-crush-bar-33-protein-50g\/#primaryimage"},"thumbnailUrl":"https:\/\/myfitmenu.es\/wp-content\/uploads\/2025\/02\/life-pro-fit-food-crush-bar-33-protein-50g-600x600-thumbnail-2000x2000-80.jpg","datePublished":"2025-02-25T17:19:37+00:00","dateModified":"2025-05-22T18:54:54+00:00","breadcrumb":{"@id":"https:\/\/myfitmenu.es\/snack\/life-pro-fit-food-crush-bar-33-protein-50g\/#breadcrumb"},"inLanguage":"en-GB","potentialAction":[{"@type":"ReadAction","target":["https:\/\/myfitmenu.es\/snack\/life-pro-fit-food-crush-bar-33-protein-50g\/"]}]},{"@type":"ImageObject","inLanguage":"en-GB","@id":"https:\/\/myfitmenu.es\/snack\/life-pro-fit-food-crush-bar-33-protein-50g\/#primaryimage","url":"https:\/\/myfitmenu.es\/wp-content\/uploads\/2025\/02\/life-pro-fit-food-crush-bar-33-protein-50g-600x600-thumbnail-2000x2000-80.jpg","contentUrl":"https:\/\/myfitmenu.es\/wp-content\/uploads\/2025\/02\/life-pro-fit-food-crush-bar-33-protein-50g-600x600-thumbnail-2000x2000-80.jpg","width":600,"height":600},{"@type":"BreadcrumbList","@id":"https:\/\/myfitmenu.es\/snack\/life-pro-fit-food-crush-bar-33-protein-50g\/#breadcrumb","itemListElement":[{"@type":"ListItem","position":1,"name":"Portada","item":"https:\/\/myfitmenu.es\/"},{"@type":"ListItem","position":2,"name":"Shop","item":"http:\/\/myfitmenu.es\/en\/shop\/"},{"@type":"ListItem","position":3,"name":"Life Pro Fit Food Crush Bar 33% Protein 50g"}]},{"@type":"WebSite","@id":"https:\/\/myfitmenu.es\/#website","url":"https:\/\/myfitmenu.es\/","name":"My Fit Menu","description":"","potentialAction":[{"@type":"SearchAction","target":{"@type":"EntryPoint","urlTemplate":"https:\/\/myfitmenu.es\/?s={search_term_string}"},"query-input":{"@type":"PropertyValueSpecification","valueRequired":true,"valueName":"search_term_string"}}],"inLanguage":"en-GB"}]}},"_links":{"self":[{"href":"http:\/\/myfitmenu.es\/en\/wp-json\/wp\/v2\/product\/19828","targetHints":{"allow":["GET"]}}],"collection":[{"href":"http:\/\/myfitmenu.es\/en\/wp-json\/wp\/v2\/product"}],"about":[{"href":"http:\/\/myfitmenu.es\/en\/wp-json\/wp\/v2\/types\/product"}],"replies":[{"embeddable":true,"href":"http:\/\/myfitmenu.es\/en\/wp-json\/wp\/v2\/comments?post=19828"}],"version-history":[{"count":2,"href":"http:\/\/myfitmenu.es\/en\/wp-json\/wp\/v2\/product\/19828\/revisions"}],"predecessor-version":[{"id":20057,"href":"http:\/\/myfitmenu.es\/en\/wp-json\/wp\/v2\/product\/19828\/revisions\/20057"}],"wp:featuredmedia":[{"embeddable":true,"href":"http:\/\/myfitmenu.es\/en\/wp-json\/wp\/v2\/media\/19829"}],"wp:attachment":[{"href":"http:\/\/myfitmenu.es\/en\/wp-json\/wp\/v2\/media?parent=19828"}],"wp:term":[{"taxonomy":"product_brand","embeddable":true,"href":"http:\/\/myfitmenu.es\/en\/wp-json\/wp\/v2\/product_brand?post=19828"},{"taxonomy":"product_cat","embeddable":true,"href":"http:\/\/myfitmenu.es\/en\/wp-json\/wp\/v2\/product_cat?post=19828"},{"taxonomy":"product_tag","embeddable":true,"href":"http:\/\/myfitmenu.es\/en\/wp-json\/wp\/v2\/product_tag?post=19828"}],"curies":[{"name":"wp","href":"https:\/\/api.w.org\/{rel}","templated":true}]}}