{"id":18812,"date":"2024-08-09T17:45:08","date_gmt":"2024-08-09T17:45:08","guid":{"rendered":"https:\/\/myfitmenu.es\/producto\/gly-n-a-c-120-caps-amix\/"},"modified":"2026-04-09T14:46:13","modified_gmt":"2026-04-09T14:46:13","slug":"gly-nac-120-caps-amix","status":"publish","type":"product","link":"http:\/\/myfitmenu.es\/en\/suplementacion-online\/gly-nac-120-caps-amix\/","title":{"rendered":"Gly Nac 120 Caps Amix"},"content":{"rendered":"<p><\/p>\n<h2>GlyN-A-C 120 Capsules Amix\u2122 Nutrition<\/h2>\n<p><strong>GlyN-AC<\/strong> is a supplement designed to offer multiple health benefits, combining <strong>N-Acetyl L-Cysteine<\/strong> y <strong>Glycine<\/strong>and is enriched with <strong>vitamin C<\/strong> y <strong>zinc<\/strong>. This synergy of ingredients works together to promote the overall health of the body.<\/p>\n<h2>Key Benefits<\/h2>\n<ul>\n<li><strong>Cellular protection<\/strong>: The <strong>vitamin C<\/strong> and the <strong>zinc<\/strong> help protect cells against oxidative stress, which is essential for maintaining cellular and overall body health.<\/li>\n<li><strong>Immunological function<\/strong>These components are essential for the proper functioning of the immune system, thus strengthening the body's natural defences.<\/li>\n<li><strong>Cognitive function<\/strong>Zinc is also crucial for the maintenance of normal cognitive function and protein synthesis, as well as helping to maintain adequate levels of testosterone in the blood.<\/li>\n<li><strong>Energy metabolism<\/strong>Vitamin C contributes to normal energy metabolism, essential for the production and proper use of energy in the body.<\/li>\n<\/ul>\n<p>In short, GlyN-AC provides comprehensive support for cellular, immune, cognitive and metabolic health.<\/p>\n<h3>Recommended Dosage<\/h3>\n<ul>\n<li><strong>Recommended daily dose<\/strong>: <strong>2 capsules<\/strong>.<\/li>\n<\/ul>\n<h3>Instructions for use<\/h3>\n<ul>\n<li><strong>Instructions<\/strong>: Take <strong>2 capsules<\/strong> with <strong>200 ml water<\/strong> during one of the main meals.<\/li>\n<\/ul>\n<h3>Nutritional Information<\/h3>\n<ul>\n<li><strong>Dose<\/strong>: 2 capsules<\/li>\n<li><strong>Dosage per package<\/strong>: 60<\/li>\n<\/ul>\n<table>\n<thead>\n<tr>\n<th><strong>Quantity per dose<\/strong><\/th>\n<th><\/th>\n<\/tr>\n<\/thead>\n<tbody>\n<tr>\n<td>N-acetyl-L-cysteine<\/td>\n<td>700 mg<\/td>\n<\/tr>\n<tr>\n<td>L-glycine<\/td>\n<td>600 mg<\/td>\n<\/tr>\n<tr>\n<td>Vitamin C<\/td>\n<td>100 mg (125%*)<\/td>\n<\/tr>\n<tr>\n<td>Zinc<\/td>\n<td>20 mg (200%*)<\/td>\n<\/tr>\n<\/tbody>\n<\/table>\n<p>* <strong>VRN<\/strong>Nutrient Reference Values<\/p>\n<h3>Ingredients<\/h3>\n<ul>\n<li>N-acetyl-L-cysteine<\/li>\n<li>L-glycine<\/li>\n<li>Vegetable capsule (hydroxypropyl methylcellulose, purified water, colouring agent: calcium carbonate)<\/li>\n<li>Ascorbic acid (vit. C)<\/li>\n<li>ChelaZone\u00ae chelated zinc bisglycinate<\/li>\n<li>Anti-stick agents: microcrystalline cellulose, magnesium stearate, silicon dioxide<\/li>\n<\/ul>\n<h3>Allergen Warning<\/h3>\n<p>This product may contain traces of milk, eggs, soya, gluten and shellfish (crustaceans and molluscs).<\/p>\n<h3>Warnings<\/h3>\n<ul>\n<li>Do not use this product if you are pregnant or breastfeeding.<\/li>\n<li>Keep out of reach of young children.<\/li>\n<li><strong>Do not exceed the recommended daily dose<\/strong>.<\/li>\n<li>Follow the recommendations of professionals before taking this food supplement.<\/li>\n<li>Store at a temperature not exceeding <strong>25\u00b0C<\/strong> in a cool, dry place, away from direct sunlight.<\/li>\n<li>Food supplements should not be used as a substitute for a balanced diet.<\/li>\n<li>The manufacturer is not liable for damage caused by improper use, maintenance or storage by the consumer.<\/li>\n<\/ul>\n<p><strong>Net weight<\/strong>: 111 g<br \/><strong>Lot<\/strong> y <strong>preferably consume<\/strong> before the end of: see printed on the packaging.<\/p>\n<p><\/p>\n<p><\/p>","protected":false},"excerpt":{"rendered":"<p><strong><b>GlyN-A-C\u00a0<\/b><\/strong>is a combination of N-Acetyl L-Cysteine and Glycine enriched with vitamin C and Zinc, which contribute to the protection of cells against oxidative stress and to the normal functioning of the immune system.<\/p>\n<ul>\n<li>Vegetable capsules<\/li>\n<li>Glutathione precursor<\/li>\n<li>Antioxidant properties<\/li>\n<\/ul>","protected":false},"featured_media":18813,"comment_status":"open","ping_status":"closed","template":"","meta":{"inline_featured_image":false},"product_brand":[],"product_cat":[206,325,98],"product_tag":[],"class_list":{"0":"post-18812","1":"product","2":"type-product","3":"status-publish","4":"has-post-thumbnail","6":"product_cat-salud-2","7":"product_cat-vitaminas-y-minerales-2","8":"product_cat-suplementacion-online","9":"pa_sa_color_unico-color-unico","10":"pa_sa_talla_unica-talla-unica","12":"first","13":"instock","14":"purchasable","15":"product-type-simple"},"acf":[],"yoast_head":"<!-- This site is optimized with the Yoast SEO plugin v27.1.1 - https:\/\/yoast.com\/product\/yoast-seo-wordpress\/ -->\n<title>Gly Nac 120 Caps Amix - My Fit Menu<\/title>\n<meta name=\"robots\" content=\"index, follow, max-snippet:-1, max-image-preview:large, max-video-preview:-1\" \/>\n<link rel=\"canonical\" href=\"https:\/\/myfitmenu.es\/en\/suplementacion-online\/gly-nac-120-caps-amix\/\" \/>\n<meta property=\"og:locale\" content=\"en_GB\" \/>\n<meta property=\"og:type\" content=\"article\" \/>\n<meta property=\"og:title\" content=\"Gly Nac 120 Caps Amix - My Fit Menu\" \/>\n<meta property=\"og:description\" content=\"GlyN-A-C\u00a0es una combinaci\u00f3n de N-Acetil L-Ciste\u00edna y Glicina enriquecida con vitamina C\u00a0y Zinc, que contribuyen a la protecci\u00f3n de las c\u00e9lulas contra el estr\u00e9s oxidativo y al\u00a0funcionamiento normal del sistema inmunitarioC\u00e1psulas vegetalesPrecursor del glutati\u00f3nPropiedades antioxidantes\" \/>\n<meta property=\"og:url\" content=\"https:\/\/myfitmenu.es\/en\/suplementacion-online\/gly-nac-120-caps-amix\/\" \/>\n<meta property=\"og:site_name\" content=\"My Fit Menu\" \/>\n<meta property=\"article:modified_time\" content=\"2026-04-09T14:46:13+00:00\" \/>\n<meta property=\"og:image\" content=\"https:\/\/myfitmenu.es\/wp-content\/uploads\/2024\/08\/gly-n-a-c-thumbnail-2000x2000-1.webp\" \/>\n\t<meta property=\"og:image:width\" content=\"600\" \/>\n\t<meta property=\"og:image:height\" content=\"600\" \/>\n\t<meta property=\"og:image:type\" content=\"image\/webp\" \/>\n<meta name=\"twitter:card\" content=\"summary_large_image\" \/>\n<meta name=\"twitter:label1\" content=\"Estimated reading time\" \/>\n\t<meta name=\"twitter:data1\" content=\"2 minutes\" \/>\n<script type=\"application\/ld+json\" class=\"yoast-schema-graph\">{\"@context\":\"https:\/\/schema.org\",\"@graph\":[{\"@type\":\"WebPage\",\"@id\":\"https:\/\/myfitmenu.es\/suplementacion-online\/gly-nac-120-caps-amix\/\",\"url\":\"https:\/\/myfitmenu.es\/suplementacion-online\/gly-nac-120-caps-amix\/\",\"name\":\"Gly Nac 120 Caps Amix - My Fit Menu\",\"isPartOf\":{\"@id\":\"https:\/\/myfitmenu.es\/#website\"},\"primaryImageOfPage\":{\"@id\":\"https:\/\/myfitmenu.es\/suplementacion-online\/gly-nac-120-caps-amix\/#primaryimage\"},\"image\":{\"@id\":\"https:\/\/myfitmenu.es\/suplementacion-online\/gly-nac-120-caps-amix\/#primaryimage\"},\"thumbnailUrl\":\"https:\/\/myfitmenu.es\/wp-content\/uploads\/2024\/08\/gly-n-a-c-thumbnail-2000x2000-1.webp\",\"datePublished\":\"2024-08-09T17:45:08+00:00\",\"dateModified\":\"2026-04-09T14:46:13+00:00\",\"breadcrumb\":{\"@id\":\"https:\/\/myfitmenu.es\/suplementacion-online\/gly-nac-120-caps-amix\/#breadcrumb\"},\"inLanguage\":\"en-GB\",\"potentialAction\":[{\"@type\":\"ReadAction\",\"target\":[\"https:\/\/myfitmenu.es\/suplementacion-online\/gly-nac-120-caps-amix\/\"]}]},{\"@type\":\"ImageObject\",\"inLanguage\":\"en-GB\",\"@id\":\"https:\/\/myfitmenu.es\/suplementacion-online\/gly-nac-120-caps-amix\/#primaryimage\",\"url\":\"https:\/\/myfitmenu.es\/wp-content\/uploads\/2024\/08\/gly-n-a-c-thumbnail-2000x2000-1.webp\",\"contentUrl\":\"https:\/\/myfitmenu.es\/wp-content\/uploads\/2024\/08\/gly-n-a-c-thumbnail-2000x2000-1.webp\",\"width\":600,\"height\":600},{\"@type\":\"BreadcrumbList\",\"@id\":\"https:\/\/myfitmenu.es\/suplementacion-online\/gly-nac-120-caps-amix\/#breadcrumb\",\"itemListElement\":[{\"@type\":\"ListItem\",\"position\":1,\"name\":\"Portada\",\"item\":\"https:\/\/myfitmenu.es\/\"},{\"@type\":\"ListItem\",\"position\":2,\"name\":\"Shop\",\"item\":\"http:\/\/myfitmenu.es\/en\/shop\/\"},{\"@type\":\"ListItem\",\"position\":3,\"name\":\"Gly Nac 120 Caps Amix\"}]},{\"@type\":\"WebSite\",\"@id\":\"https:\/\/myfitmenu.es\/#website\",\"url\":\"https:\/\/myfitmenu.es\/\",\"name\":\"My Fit Menu\",\"description\":\"\",\"potentialAction\":[{\"@type\":\"SearchAction\",\"target\":{\"@type\":\"EntryPoint\",\"urlTemplate\":\"https:\/\/myfitmenu.es\/?s={search_term_string}\"},\"query-input\":{\"@type\":\"PropertyValueSpecification\",\"valueRequired\":true,\"valueName\":\"search_term_string\"}}],\"inLanguage\":\"en-GB\"}]}<\/script>\n<!-- \/ Yoast SEO plugin. -->","yoast_head_json":{"title":"Gly Nac 120 Caps Amix - My Fit Menu","robots":{"index":"index","follow":"follow","max-snippet":"max-snippet:-1","max-image-preview":"max-image-preview:large","max-video-preview":"max-video-preview:-1"},"canonical":"https:\/\/myfitmenu.es\/en\/suplementacion-online\/gly-nac-120-caps-amix\/","og_locale":"en_GB","og_type":"article","og_title":"Gly Nac 120 Caps Amix - My Fit Menu","og_description":"GlyN-A-C\u00a0es una combinaci\u00f3n de N-Acetil L-Ciste\u00edna y Glicina enriquecida con vitamina C\u00a0y Zinc, que contribuyen a la protecci\u00f3n de las c\u00e9lulas contra el estr\u00e9s oxidativo y al\u00a0funcionamiento normal del sistema inmunitarioC\u00e1psulas vegetalesPrecursor del glutati\u00f3nPropiedades antioxidantes","og_url":"https:\/\/myfitmenu.es\/en\/suplementacion-online\/gly-nac-120-caps-amix\/","og_site_name":"My Fit Menu","article_modified_time":"2026-04-09T14:46:13+00:00","og_image":[{"width":600,"height":600,"url":"https:\/\/myfitmenu.es\/wp-content\/uploads\/2024\/08\/gly-n-a-c-thumbnail-2000x2000-1.webp","type":"image\/webp"}],"twitter_card":"summary_large_image","twitter_misc":{"Estimated reading time":"2 minutes"},"schema":{"@context":"https:\/\/schema.org","@graph":[{"@type":"WebPage","@id":"https:\/\/myfitmenu.es\/suplementacion-online\/gly-nac-120-caps-amix\/","url":"https:\/\/myfitmenu.es\/suplementacion-online\/gly-nac-120-caps-amix\/","name":"Gly Nac 120 Caps Amix - My Fit Menu","isPartOf":{"@id":"https:\/\/myfitmenu.es\/#website"},"primaryImageOfPage":{"@id":"https:\/\/myfitmenu.es\/suplementacion-online\/gly-nac-120-caps-amix\/#primaryimage"},"image":{"@id":"https:\/\/myfitmenu.es\/suplementacion-online\/gly-nac-120-caps-amix\/#primaryimage"},"thumbnailUrl":"https:\/\/myfitmenu.es\/wp-content\/uploads\/2024\/08\/gly-n-a-c-thumbnail-2000x2000-1.webp","datePublished":"2024-08-09T17:45:08+00:00","dateModified":"2026-04-09T14:46:13+00:00","breadcrumb":{"@id":"https:\/\/myfitmenu.es\/suplementacion-online\/gly-nac-120-caps-amix\/#breadcrumb"},"inLanguage":"en-GB","potentialAction":[{"@type":"ReadAction","target":["https:\/\/myfitmenu.es\/suplementacion-online\/gly-nac-120-caps-amix\/"]}]},{"@type":"ImageObject","inLanguage":"en-GB","@id":"https:\/\/myfitmenu.es\/suplementacion-online\/gly-nac-120-caps-amix\/#primaryimage","url":"https:\/\/myfitmenu.es\/wp-content\/uploads\/2024\/08\/gly-n-a-c-thumbnail-2000x2000-1.webp","contentUrl":"https:\/\/myfitmenu.es\/wp-content\/uploads\/2024\/08\/gly-n-a-c-thumbnail-2000x2000-1.webp","width":600,"height":600},{"@type":"BreadcrumbList","@id":"https:\/\/myfitmenu.es\/suplementacion-online\/gly-nac-120-caps-amix\/#breadcrumb","itemListElement":[{"@type":"ListItem","position":1,"name":"Portada","item":"https:\/\/myfitmenu.es\/"},{"@type":"ListItem","position":2,"name":"Shop","item":"http:\/\/myfitmenu.es\/en\/shop\/"},{"@type":"ListItem","position":3,"name":"Gly Nac 120 Caps Amix"}]},{"@type":"WebSite","@id":"https:\/\/myfitmenu.es\/#website","url":"https:\/\/myfitmenu.es\/","name":"My Fit Menu","description":"","potentialAction":[{"@type":"SearchAction","target":{"@type":"EntryPoint","urlTemplate":"https:\/\/myfitmenu.es\/?s={search_term_string}"},"query-input":{"@type":"PropertyValueSpecification","valueRequired":true,"valueName":"search_term_string"}}],"inLanguage":"en-GB"}]}},"_links":{"self":[{"href":"http:\/\/myfitmenu.es\/en\/wp-json\/wp\/v2\/product\/18812","targetHints":{"allow":["GET"]}}],"collection":[{"href":"http:\/\/myfitmenu.es\/en\/wp-json\/wp\/v2\/product"}],"about":[{"href":"http:\/\/myfitmenu.es\/en\/wp-json\/wp\/v2\/types\/product"}],"replies":[{"embeddable":true,"href":"http:\/\/myfitmenu.es\/en\/wp-json\/wp\/v2\/comments?post=18812"}],"version-history":[{"count":3,"href":"http:\/\/myfitmenu.es\/en\/wp-json\/wp\/v2\/product\/18812\/revisions"}],"predecessor-version":[{"id":20602,"href":"http:\/\/myfitmenu.es\/en\/wp-json\/wp\/v2\/product\/18812\/revisions\/20602"}],"wp:featuredmedia":[{"embeddable":true,"href":"http:\/\/myfitmenu.es\/en\/wp-json\/wp\/v2\/media\/18813"}],"wp:attachment":[{"href":"http:\/\/myfitmenu.es\/en\/wp-json\/wp\/v2\/media?parent=18812"}],"wp:term":[{"taxonomy":"product_brand","embeddable":true,"href":"http:\/\/myfitmenu.es\/en\/wp-json\/wp\/v2\/product_brand?post=18812"},{"taxonomy":"product_cat","embeddable":true,"href":"http:\/\/myfitmenu.es\/en\/wp-json\/wp\/v2\/product_cat?post=18812"},{"taxonomy":"product_tag","embeddable":true,"href":"http:\/\/myfitmenu.es\/en\/wp-json\/wp\/v2\/product_tag?post=18812"}],"curies":[{"name":"wp","href":"https:\/\/api.w.org\/{rel}","templated":true}]}}