{"id":18309,"date":"2024-07-12T18:40:08","date_gmt":"2024-07-12T18:40:08","guid":{"rendered":"https:\/\/myfitmenu.es\/?post_type=product&#038;p=18309"},"modified":"2025-05-22T18:59:37","modified_gmt":"2025-05-22T18:59:37","slug":"super-enzyme-complex-90-tabs-haya-labs","status":"publish","type":"product","link":"http:\/\/myfitmenu.es\/en\/suplementacion-online\/super-enzyme-complex-90-tabs-haya-labs\/","title":{"rendered":"Super Enzyme Complex 90 tabs Haya Labs"},"content":{"rendered":"<p><strong>Super Enzyme Complex<\/strong>\u00a0from Haya Labs is a food supplement in tablet form consisting of a complex of digestive enzymes involved in the breakdown and assimilation of proteins, carbohydrates and fats.<\/p>\n<p>Betaine hydrochloride is an acid form of betaine, the natural source of hydrochloric acid in the stomach. It is a necessary component of the digestive process as it aids in the breakdown and assimilation of food.<\/p>\n<p>Pancreatin in the\u00a0<strong>Super Enzyme Complex<\/strong>\u00a0contains a complex consisting of three basic enzymes amylase, protease and lipase. Protease acts as a catalyst in the accumulation of protein molecules in the food due to the chemical reaction hydrolysis. Meat is one of the foods that takes the longest time to be assimilated (5 to 24 hours) which is where protease will help relieve abdominal heaviness. For athletes who consume more meat in their diet, the enzyme will help with protein assimilation and muscle gain. Amylase is an enzyme that aids the rapid breakdown of complex carbohydrates to simple sugars assimilated by the small intestine. Lipase is a digestive enzyme secreted by the pancreas also known as a gland located behind the abdomen. Lipase is responsible for the breakdown of fat.<\/p>\n<p>The formula includes two other extracts, papaya and pineapple. Bromelain is commonly found in pineapple while papain is obtained from papaya, among others. They stimulate the breakdown of proteins. The ingredients are supplemented with beef bile extract, a source of cholic acid.<\/p>\n<p><strong>One dose:<\/strong>\u00a01 tablet<\/p>\n<p><strong>Instructions for use:<\/strong>\u00a01 dose with or after each meal<\/p>","protected":false},"excerpt":{"rendered":"<p><strong>Super Enzyme Complex<\/strong>\u00a0from Haya Labs is a food supplement in tablet form consisting of a complex of digestive enzymes involved in the breakdown and assimilation of proteins, carbohydrates and fats.<\/p>","protected":false},"featured_media":18310,"comment_status":"open","ping_status":"closed","template":"","meta":{"inline_featured_image":false},"product_brand":[],"product_cat":[206,98],"product_tag":[],"class_list":{"0":"post-18309","1":"product","2":"type-product","3":"status-publish","4":"has-post-thumbnail","6":"product_cat-salud-2","7":"product_cat-suplementacion-online","9":"first","10":"instock","11":"purchasable","12":"product-type-simple"},"acf":[],"yoast_head":"<!-- This site is optimized with the Yoast SEO plugin v27.1.1 - https:\/\/yoast.com\/product\/yoast-seo-wordpress\/ -->\n<title>Super Enzyme Complex 90 tabs Haya Labs - My Fit Menu<\/title>\n<meta name=\"description\" content=\"Super Enzyme Complex es un suplemento que participan en la descomposici\u00f3n y la asimilaci\u00f3n de prote\u00ednas, carbohidratos y grasas.\" \/>\n<meta name=\"robots\" content=\"index, follow, max-snippet:-1, max-image-preview:large, max-video-preview:-1\" \/>\n<link rel=\"canonical\" href=\"https:\/\/myfitmenu.es\/en\/suplementacion-online\/super-enzyme-complex-90-tabs-haya-labs\/\" \/>\n<meta property=\"og:locale\" content=\"en_GB\" \/>\n<meta property=\"og:type\" content=\"article\" \/>\n<meta property=\"og:title\" content=\"Super Enzyme Complex 90 tabs Haya Labs - My Fit Menu\" \/>\n<meta property=\"og:description\" content=\"Super Enzyme Complex es un suplemento que participan en la descomposici\u00f3n y la asimilaci\u00f3n de prote\u00ednas, carbohidratos y grasas.\" \/>\n<meta property=\"og:url\" content=\"https:\/\/myfitmenu.es\/en\/suplementacion-online\/super-enzyme-complex-90-tabs-haya-labs\/\" \/>\n<meta property=\"og:site_name\" content=\"My Fit Menu\" \/>\n<meta property=\"article:modified_time\" content=\"2025-05-22T18:59:37+00:00\" \/>\n<meta property=\"og:image\" content=\"https:\/\/myfitmenu.es\/wp-content\/uploads\/2024\/07\/super-enzyme-complex-90tabs.jpg\" \/>\n\t<meta property=\"og:image:width\" content=\"458\" \/>\n\t<meta property=\"og:image:height\" content=\"458\" \/>\n\t<meta property=\"og:image:type\" content=\"image\/jpeg\" \/>\n<meta name=\"twitter:card\" content=\"summary_large_image\" \/>\n<meta name=\"twitter:label1\" content=\"Estimated reading time\" \/>\n\t<meta name=\"twitter:data1\" content=\"2 minutes\" \/>\n<script type=\"application\/ld+json\" class=\"yoast-schema-graph\">{\"@context\":\"https:\/\/schema.org\",\"@graph\":[{\"@type\":\"WebPage\",\"@id\":\"https:\/\/myfitmenu.es\/suplementacion-online\/super-enzyme-complex-90-tabs-haya-labs\/\",\"url\":\"https:\/\/myfitmenu.es\/suplementacion-online\/super-enzyme-complex-90-tabs-haya-labs\/\",\"name\":\"Super Enzyme Complex 90 tabs Haya Labs - My Fit Menu\",\"isPartOf\":{\"@id\":\"https:\/\/myfitmenu.es\/#website\"},\"primaryImageOfPage\":{\"@id\":\"https:\/\/myfitmenu.es\/suplementacion-online\/super-enzyme-complex-90-tabs-haya-labs\/#primaryimage\"},\"image\":{\"@id\":\"https:\/\/myfitmenu.es\/suplementacion-online\/super-enzyme-complex-90-tabs-haya-labs\/#primaryimage\"},\"thumbnailUrl\":\"https:\/\/myfitmenu.es\/wp-content\/uploads\/2024\/07\/super-enzyme-complex-90tabs.jpg\",\"datePublished\":\"2024-07-12T18:40:08+00:00\",\"dateModified\":\"2025-05-22T18:59:37+00:00\",\"description\":\"Super Enzyme Complex es un suplemento que participan en la descomposici\u00f3n y la asimilaci\u00f3n de prote\u00ednas, carbohidratos y grasas.\",\"breadcrumb\":{\"@id\":\"https:\/\/myfitmenu.es\/suplementacion-online\/super-enzyme-complex-90-tabs-haya-labs\/#breadcrumb\"},\"inLanguage\":\"en-GB\",\"potentialAction\":[{\"@type\":\"ReadAction\",\"target\":[\"https:\/\/myfitmenu.es\/suplementacion-online\/super-enzyme-complex-90-tabs-haya-labs\/\"]}]},{\"@type\":\"ImageObject\",\"inLanguage\":\"en-GB\",\"@id\":\"https:\/\/myfitmenu.es\/suplementacion-online\/super-enzyme-complex-90-tabs-haya-labs\/#primaryimage\",\"url\":\"https:\/\/myfitmenu.es\/wp-content\/uploads\/2024\/07\/super-enzyme-complex-90tabs.jpg\",\"contentUrl\":\"https:\/\/myfitmenu.es\/wp-content\/uploads\/2024\/07\/super-enzyme-complex-90tabs.jpg\",\"width\":458,\"height\":458},{\"@type\":\"BreadcrumbList\",\"@id\":\"https:\/\/myfitmenu.es\/suplementacion-online\/super-enzyme-complex-90-tabs-haya-labs\/#breadcrumb\",\"itemListElement\":[{\"@type\":\"ListItem\",\"position\":1,\"name\":\"Portada\",\"item\":\"https:\/\/myfitmenu.es\/\"},{\"@type\":\"ListItem\",\"position\":2,\"name\":\"Shop\",\"item\":\"http:\/\/myfitmenu.es\/en\/shop\/\"},{\"@type\":\"ListItem\",\"position\":3,\"name\":\"Super Enzyme Complex 90 tabs Haya Labs\"}]},{\"@type\":\"WebSite\",\"@id\":\"https:\/\/myfitmenu.es\/#website\",\"url\":\"https:\/\/myfitmenu.es\/\",\"name\":\"My Fit Menu\",\"description\":\"\",\"potentialAction\":[{\"@type\":\"SearchAction\",\"target\":{\"@type\":\"EntryPoint\",\"urlTemplate\":\"https:\/\/myfitmenu.es\/?s={search_term_string}\"},\"query-input\":{\"@type\":\"PropertyValueSpecification\",\"valueRequired\":true,\"valueName\":\"search_term_string\"}}],\"inLanguage\":\"en-GB\"}]}<\/script>\n<!-- \/ Yoast SEO plugin. -->","yoast_head_json":{"title":"Super Enzyme Complex 90 tabs Haya Labs - My Fit Menu","description":"Super Enzyme Complex es un suplemento que participan en la descomposici\u00f3n y la asimilaci\u00f3n de prote\u00ednas, carbohidratos y grasas.","robots":{"index":"index","follow":"follow","max-snippet":"max-snippet:-1","max-image-preview":"max-image-preview:large","max-video-preview":"max-video-preview:-1"},"canonical":"https:\/\/myfitmenu.es\/en\/suplementacion-online\/super-enzyme-complex-90-tabs-haya-labs\/","og_locale":"en_GB","og_type":"article","og_title":"Super Enzyme Complex 90 tabs Haya Labs - My Fit Menu","og_description":"Super Enzyme Complex es un suplemento que participan en la descomposici\u00f3n y la asimilaci\u00f3n de prote\u00ednas, carbohidratos y grasas.","og_url":"https:\/\/myfitmenu.es\/en\/suplementacion-online\/super-enzyme-complex-90-tabs-haya-labs\/","og_site_name":"My Fit Menu","article_modified_time":"2025-05-22T18:59:37+00:00","og_image":[{"width":458,"height":458,"url":"https:\/\/myfitmenu.es\/wp-content\/uploads\/2024\/07\/super-enzyme-complex-90tabs.jpg","type":"image\/jpeg"}],"twitter_card":"summary_large_image","twitter_misc":{"Estimated reading time":"2 minutes"},"schema":{"@context":"https:\/\/schema.org","@graph":[{"@type":"WebPage","@id":"https:\/\/myfitmenu.es\/suplementacion-online\/super-enzyme-complex-90-tabs-haya-labs\/","url":"https:\/\/myfitmenu.es\/suplementacion-online\/super-enzyme-complex-90-tabs-haya-labs\/","name":"Super Enzyme Complex 90 tabs Haya Labs - My Fit Menu","isPartOf":{"@id":"https:\/\/myfitmenu.es\/#website"},"primaryImageOfPage":{"@id":"https:\/\/myfitmenu.es\/suplementacion-online\/super-enzyme-complex-90-tabs-haya-labs\/#primaryimage"},"image":{"@id":"https:\/\/myfitmenu.es\/suplementacion-online\/super-enzyme-complex-90-tabs-haya-labs\/#primaryimage"},"thumbnailUrl":"https:\/\/myfitmenu.es\/wp-content\/uploads\/2024\/07\/super-enzyme-complex-90tabs.jpg","datePublished":"2024-07-12T18:40:08+00:00","dateModified":"2025-05-22T18:59:37+00:00","description":"Super Enzyme Complex es un suplemento que participan en la descomposici\u00f3n y la asimilaci\u00f3n de prote\u00ednas, carbohidratos y grasas.","breadcrumb":{"@id":"https:\/\/myfitmenu.es\/suplementacion-online\/super-enzyme-complex-90-tabs-haya-labs\/#breadcrumb"},"inLanguage":"en-GB","potentialAction":[{"@type":"ReadAction","target":["https:\/\/myfitmenu.es\/suplementacion-online\/super-enzyme-complex-90-tabs-haya-labs\/"]}]},{"@type":"ImageObject","inLanguage":"en-GB","@id":"https:\/\/myfitmenu.es\/suplementacion-online\/super-enzyme-complex-90-tabs-haya-labs\/#primaryimage","url":"https:\/\/myfitmenu.es\/wp-content\/uploads\/2024\/07\/super-enzyme-complex-90tabs.jpg","contentUrl":"https:\/\/myfitmenu.es\/wp-content\/uploads\/2024\/07\/super-enzyme-complex-90tabs.jpg","width":458,"height":458},{"@type":"BreadcrumbList","@id":"https:\/\/myfitmenu.es\/suplementacion-online\/super-enzyme-complex-90-tabs-haya-labs\/#breadcrumb","itemListElement":[{"@type":"ListItem","position":1,"name":"Portada","item":"https:\/\/myfitmenu.es\/"},{"@type":"ListItem","position":2,"name":"Shop","item":"http:\/\/myfitmenu.es\/en\/shop\/"},{"@type":"ListItem","position":3,"name":"Super Enzyme Complex 90 tabs Haya Labs"}]},{"@type":"WebSite","@id":"https:\/\/myfitmenu.es\/#website","url":"https:\/\/myfitmenu.es\/","name":"My Fit Menu","description":"","potentialAction":[{"@type":"SearchAction","target":{"@type":"EntryPoint","urlTemplate":"https:\/\/myfitmenu.es\/?s={search_term_string}"},"query-input":{"@type":"PropertyValueSpecification","valueRequired":true,"valueName":"search_term_string"}}],"inLanguage":"en-GB"}]}},"_links":{"self":[{"href":"http:\/\/myfitmenu.es\/en\/wp-json\/wp\/v2\/product\/18309","targetHints":{"allow":["GET"]}}],"collection":[{"href":"http:\/\/myfitmenu.es\/en\/wp-json\/wp\/v2\/product"}],"about":[{"href":"http:\/\/myfitmenu.es\/en\/wp-json\/wp\/v2\/types\/product"}],"replies":[{"embeddable":true,"href":"http:\/\/myfitmenu.es\/en\/wp-json\/wp\/v2\/comments?post=18309"}],"version-history":[{"count":2,"href":"http:\/\/myfitmenu.es\/en\/wp-json\/wp\/v2\/product\/18309\/revisions"}],"predecessor-version":[{"id":18498,"href":"http:\/\/myfitmenu.es\/en\/wp-json\/wp\/v2\/product\/18309\/revisions\/18498"}],"wp:featuredmedia":[{"embeddable":true,"href":"http:\/\/myfitmenu.es\/en\/wp-json\/wp\/v2\/media\/18310"}],"wp:attachment":[{"href":"http:\/\/myfitmenu.es\/en\/wp-json\/wp\/v2\/media?parent=18309"}],"wp:term":[{"taxonomy":"product_brand","embeddable":true,"href":"http:\/\/myfitmenu.es\/en\/wp-json\/wp\/v2\/product_brand?post=18309"},{"taxonomy":"product_cat","embeddable":true,"href":"http:\/\/myfitmenu.es\/en\/wp-json\/wp\/v2\/product_cat?post=18309"},{"taxonomy":"product_tag","embeddable":true,"href":"http:\/\/myfitmenu.es\/en\/wp-json\/wp\/v2\/product_tag?post=18309"}],"curies":[{"name":"wp","href":"https:\/\/api.w.org\/{rel}","templated":true}]}}